{"id":10,"date":"2022-06-29T18:15:55","date_gmt":"2022-06-29T18:15:55","guid":{"rendered":"http:\/\/10.40.230.12\/arkydesk\/?page_id=10"},"modified":"2023-09-28T18:48:18","modified_gmt":"2023-09-28T18:48:18","slug":"servicios","status":"publish","type":"page","link":"https:\/\/www.arkydesk.com\/arkydesk\/servicios\/","title":{"rendered":"SERVICIOS"},"content":{"rendered":"<div  data-label=\"Diseno Arqui\" data-id=\"content--1\" data-export-id=\"content-7\" data-category=\"content\" class=\"content-7 content-section content-section-spacing white-text content-relative\" id=\"diseno-arqui\" style=\"background-color: rgb(255, 255, 255); background-image: url(&quot;https:\/\/www.arkydesk.com\/arkydesk\/wp-content\/uploads\/2022\/07\/graphic-design-and-color-swatches-and-pens-on-desk-architectural-drawing-with-work-tools-and-accessories-scaled.jpg&quot;); background-size: cover; background-position: center top;\" data-section-ov=\"1\"><div  class=\"section-separator-top\">\n    <svg  xmlns=\"http:\/\/www.w3.org\/2000\/svg\" viewBox=\"0 0 1000 100\" preserveAspectRatio=\"none\" data-separator-name=\"tilt\" class=\"section-separator-top\">\n\t<path  class=\"svg-white-bg\" d=\"M-0 0L1000 0 1000 100z\"><\/path>\n<\/svg>\n<\/div><div  class=\"gridContainer\"> <div  class=\"row middle-sm\"><div  class=\"col-sm-6 space-bottom-xs\" data-type=\"column\"> <h2  class=\"\" style=\"border-bottom-color: rgb(67, 137, 124);\"><span  style=\"font-weight: 700;\">Dise\u00f1o\n<\/span><br ><span  style=\"font-weight: 700;\">Arquitect\u00f3nico<\/span>&nbsp;<\/h2> <p  class=\"\">Te presentamos (dise\u00f1amos todo tipo de) proyectos tales como oficinas, comercios, casas, departamentos, remodelaciones, etc.<br >\nNos enfocamos a comprender los requerimientos y damos forma a las ideas que se tienen a trav\u00e9s de un proceso creativo el cual da como resultado proyectos \u00fanicos y a la medida.<\/p> <a class=\"button force-shadow color5 white-text square outline\" href=\"#\" target=\"_self\" data-cp-link=\"1\" data-icon=\"\" rel=\"noopener\">Brochure<\/a><\/div> <div  class=\"col-sm-6\" data-type=\"column\"> <a data-cp-link=\"1\" href=\"#\" class=\"\" target=\"_self\" rel=\"noopener\"><img decoding=\"async\"  class=\"shadow-large\" src=\"\"><\/a><\/div> <\/div><\/div> <\/div><div  data-label=\"Construccion\" data-id=\"content--2\" data-export-id=\"content-8\" data-category=\"content\" class=\"content-8 content-section content-section-spacing white-text content-relative\" id=\"construccion\" style=\"background-color: rgb(255, 255, 255); background-image: url(&quot;https:\/\/www.arkydesk.com\/arkydesk\/wp-content\/uploads\/2022\/07\/5.-FOTOGRAFiA-BANNER-CONSTRUCCIoN.jpeg&quot;); background-size: cover; background-position: center top;\" data-section-ov=\"1\"><div  class=\"section-separator-top\">\n    <svg  xmlns=\"http:\/\/www.w3.org\/2000\/svg\" preserveAspectRatio=\"none\" viewBox=\"0 0 1000 100\" data-separator-name=\"tilt-flipped\" class=\"section-separator-top\">\n  <path  id=\"path2\" d=\"M 1000,0 H 0 v 100 z\" class=\"svg-white-bg\"><\/path>\n<\/svg>\n<\/div><div  class=\"gridContainer\"> <div  class=\"row middle-sm\"><div  class=\"col-sm-6 space-bottom-xs space-top-xs\" data-type=\"column\"><a data-cp-link=\"1\" href=\"#\" class=\"\" target=\"_self\" rel=\"noopener\"><img decoding=\"async\"  class=\"custom-image\" src=\"\" title=\"ICONO-15\" alt=\"\"><\/a> <\/div> <div  class=\"col-sm-6\" data-type=\"column\"><h2  class=\"\" style=\"border-bottom-color: rgb(67, 137, 124);\"><span  style=\"font-weight: 700;\">Construcci\u00f3n&nbsp;<\/span><\/h2> <p  class=\"\">Realizamos la construcci\u00f3n de tu proyecto, o si bien lo deseas tambi\u00e9n dise\u00f1amos, dejando est\u00e1ndares muy altos a nivel de ejecuci\u00f3n y control de obra, brind\u00e1ndote la mejor calidad asegurando el \u00e9xito de tus proyectos.\n<\/p> <a class=\"button force-shadow color5 white-text square outline\" href=\"#\" target=\"_self\" data-cp-link=\"1\" data-icon=\"\" rel=\"noopener\">Brochure<\/a><\/div> <\/div><\/div> <\/div><div  data-label=\"Consultoria\" data-id=\"content--3\" data-export-id=\"content-7\" data-category=\"content\" class=\"content-7 content-section content-section-spacing content-relative white-text\" id=\"consultoria\" style=\"background-color: rgb(255, 255, 255); background-image: url(&quot;https:\/\/www.arkydesk.com\/arkydesk\/wp-content\/uploads\/2022\/07\/graphic-design-and-color-swatches-and-pens-on-desk-architectural-drawing-with-work-tools-and-accessories-scaled.jpg&quot;); background-size: cover; background-position: center top;\" data-section-ov=\"1\"><div  class=\"section-separator-top\">\n    <svg  xmlns=\"http:\/\/www.w3.org\/2000\/svg\" viewBox=\"0 0 1000 100\" preserveAspectRatio=\"none\" data-separator-name=\"tilt\" class=\"section-separator-top\">\n\t<path  class=\"svg-white-bg\" d=\"M-0 0L1000 0 1000 100z\"><\/path>\n<\/svg>\n<\/div><div  class=\"gridContainer\"> <div  class=\"row middle-sm\"><div  class=\"col-sm-6 space-bottom-xs content-left-sm\" data-type=\"column\"> <h2  class=\"\" style=\"border-bottom-color: rgb(67, 137, 124);\"><span  style=\"font-weight: 700;\">Consultor\u00eda y\n<\/span><br ><span  style=\"font-weight: 700;\">Asesor\u00eda<\/span><\/h2> <p  class=\"\">Apoyamos a empresas y particulares a impulsar sus proyectos proponiendo y formalizando sus ideas, resolviendo necesidades con el fin de obtener un proyecto exitoso.<br >\nBrindamos servicios de asesor\u00eda, proyectos de dise\u00f1o, construcci\u00f3n, remodelaciones, ampliaciones, interiores y exteriores, y obras diversas.\n<\/p> <a class=\"button force-shadow color5 white-text square outline\" href=\"#\" target=\"_self\" data-cp-link=\"1\" data-icon=\"\" rel=\"noopener\">Brochure<\/a><\/div> <div  class=\"col-sm-6 content-left-sm\" data-type=\"column\"> <a data-cp-link=\"1\" href=\"#\" class=\"\" target=\"_self\" rel=\"noopener\"><img decoding=\"async\"  class=\"shadow-large\" src=\"\"><\/a><\/div> <\/div><\/div> <\/div><div  data-label=\"Mantenimiento\" data-id=\"content--5\" data-export-id=\"content-8\" data-category=\"content\" class=\"content-8 content-section content-section-spacing white-text content-relative\" id=\"mantenimiento-1\" style=\"background-color: rgb(255, 255, 255); background-image: url(&quot;https:\/\/www.arkydesk.com\/arkydesk\/wp-content\/uploads\/2022\/07\/male-electrician-works-in-switchboard-with-an-electrical-connecting-cable-scaled.jpg&quot;); background-size: cover; background-position: center top;\" data-section-ov=\"1\"><div  class=\"section-separator-top\">\n    <svg  xmlns=\"http:\/\/www.w3.org\/2000\/svg\" preserveAspectRatio=\"none\" viewBox=\"0 0 1000 100\" data-separator-name=\"tilt-flipped\" class=\"section-separator-top\">\n  <path  id=\"path2\" d=\"M 1000,0 H 0 v 100 z\" class=\"svg-white-bg\"><\/path>\n<\/svg>\n<\/div><div  class=\"gridContainer\"> <div  class=\"row middle-sm\"><div  class=\"col-sm-6 space-bottom-xs space-top-xs\" data-type=\"column\"> <a data-cp-link=\"1\" href=\"#\" class=\"\" target=\"_self\" rel=\"noopener\"><img decoding=\"async\"  class=\"shadow-large\" src=\"\"><\/a><\/div> <div  class=\"col-sm-6\" data-type=\"column\"><h2  class=\"\" style=\"border-bottom-color: rgb(67, 137, 124);\"><span  style=\"font-weight: 700;\">Mantenimiento y<\/span><br ><span  style=\"font-weight: 700;\">\nMultiservicios<\/span><\/h2> <p  class=\"\">Disponemos de un equipo totalmente profesional, capaz de entender y resolver cualquier tipo de reparaci\u00f3n, mantenimiento, canalizando la mejor opci\u00f3n costo beneficio.<br >\nServicios de: Electricidad, plomer\u00eda, carpinter\u00eda, canceler\u00eda, herrer\u00eda, aplicaci\u00f3n de pinturas, impermeabilizaciones, muros y plafones de tablaroca-durock e Instalaci\u00f3n de paneles solares.<\/p> <a class=\"button force-shadow color5 white-text square outline\" href=\"#\" target=\"_self\" data-cp-link=\"1\" data-icon=\"\" rel=\"noopener\">Brochure<\/a><\/div> <\/div><\/div> <\/div><div  data-label=\"Paneles\" data-id=\"content--6\" data-export-id=\"content-7\" data-category=\"content\" class=\"content-7 content-section content-section-spacing white-text content-relative\" id=\"paneles\" style=\"background-color: rgb(255, 255, 255); background-image: url(&quot;https:\/\/www.arkydesk.com\/arkydesk\/wp-content\/uploads\/2022\/07\/young-architect-standing-by-solar-panels-making-diagnostics-on-computer-scaled.jpg&quot;); background-size: cover; background-position: center top;\" data-section-ov=\"1\"><div  class=\"section-separator-top\">\n    <svg  xmlns=\"http:\/\/www.w3.org\/2000\/svg\" viewBox=\"0 0 1000 100\" preserveAspectRatio=\"none\" data-separator-name=\"tilt\" class=\"section-separator-top\">\n\t<path  class=\"svg-white-bg\" d=\"M-0 0L1000 0 1000 100z\"><\/path>\n<\/svg>\n<\/div><div  class=\"gridContainer\"> <div  class=\"row middle-sm\"><div  class=\"col-sm-6 space-bottom-xs\" data-type=\"column\"> <h2  class=\"\" style=\"border-bottom-color: rgb(67, 137, 124);\"><span  style=\"font-weight: 700;\">Paneles\n<\/span><span  style=\"font-weight: 700;\">Solares<\/span><\/h2> <p  class=\"\">Te asesoramos e instalamos proyectos de paneles solares para el ahorro de energ\u00eda en residencias, comercios e industrias, generando energ\u00eda el\u00e9ctrica con equipos modernos, eficientes y de calidad.\n<\/p> <a class=\"button color5 white-text square outline\" href=\"#\" target=\"_self\" data-cp-link=\"1\" data-icon=\"\" rel=\"noopener\">Brochure<\/a><\/div> <div  class=\"col-sm-6\" data-type=\"column\"> <a data-cp-link=\"1\" href=\"#\" class=\"\" target=\"_self\" rel=\"noopener\"><img decoding=\"async\"  class=\"shadow-large\" src=\"\"><\/a><\/div> <\/div><\/div> <\/div><div  data-label=\"Domotica\" data-id=\"content--7\" data-export-id=\"content-8\" data-category=\"content\" class=\"content-8 content-section content-section-spacing white-text content-relative\" id=\"domotica\" style=\"background-color: rgb(255, 255, 255); background-image: url(&quot;https:\/\/www.arkydesk.com\/arkydesk\/wp-content\/uploads\/2022\/07\/person-holding-mobile-phone-with-high-tech-application-in-smart-house-features-controlling-lights-wi-1-scaled.jpg&quot;); background-size: cover; background-position: center top;\" data-section-ov=\"1\"><div  class=\"section-separator-top\">\n    <svg  xmlns=\"http:\/\/www.w3.org\/2000\/svg\" preserveAspectRatio=\"none\" viewBox=\"0 0 1000 100\" data-separator-name=\"tilt-flipped\" class=\"section-separator-top\">\n  <path  id=\"path2\" d=\"M 1000,0 H 0 v 100 z\" class=\"svg-white-bg\"><\/path>\n<\/svg>\n<\/div><div  class=\"gridContainer\"> <div  class=\"row middle-sm\"><div  class=\"col-sm-6 space-bottom-xs space-top-xs\" data-type=\"column\"> <a data-cp-link=\"1\" href=\"#\" class=\"\" target=\"_self\" rel=\"noopener\"><img decoding=\"async\"  class=\"shadow-large\" src=\"\"><\/a><\/div> <div  class=\"col-sm-6\" data-type=\"column\"><h2  class=\"\" style=\"border-bottom-color: rgb(67, 137, 124);\"><span  style=\"font-weight: 700;\">Dom\u00f3tica<\/span><\/h2> <p  class=\"\">Te asesoramos e instalamos la automatizaci\u00f3n en tu proyecto, ya sea comercial o residencial, brind\u00e1ndote diferentes opciones como luminaria, persianas, audio, espejos de agua, sistemas de riego, seguridad, entre otros.\n<\/p> <a class=\"button color5 white-text square outline\" href=\"#\" target=\"_self\" data-cp-link=\"1\" data-icon=\"\" rel=\"noopener\">Brochure<\/a><\/div> <\/div><\/div> <\/div><div  data-label=\"Contact\" data-id=\"contact--1\" data-export-id=\"contact-1\" data-category=\"contact\" class=\"contact-1 content-section content-section-spacing white-text\" data-parallax-depth=\"20\" id=\"contact-1\" style=\"background-color: rgb(245, 250, 253); background-image: url(&quot;https:\/\/www.arkydesk.com\/arkydesk\/wp-content\/uploads\/2022\/07\/FONDO-QUIENES-SOMOS-08-scaled.jpg&quot;); background-size: cover; background-position: center top;\" data-section-ov=\"1\"><div  class=\"gridContainer\"> <div  class=\"row text-center\"><div  class=\"section-title-col\" data-type=\"column\"> <h2  class=\"\" style=\"border-bottom-color: rgb(199, 199, 199);\">Contacto<\/h2> <p  class=\"lead\"><span  style=\"font-weight: 400;\">Direcci\u00f3n:<\/span><br ><span  style=\"font-weight: 400;\">\nLago Alberto 442, Piso 3, Col. An\u00e1huac I Secc, Miguel Hidalgo,<\/span><br ><span  style=\"font-weight: 400;\">\nCP.11320 Ciudad de M\u00e9xico, Mexico.\n<\/span><br ><br ><span  style=\"font-weight: 400;\">\nTelefono:\n\n<\/span>(55) 1100 0429<br ><span  style=\"font-weight: 400;\">\n(55) 5007 9833<\/span><\/p><\/div> <\/div> <div  class=\"row text-center\"> <div  class=\"col-xs-12 col-sm-8 col-sm-offset-2 contact-form-wrapper inline-info\"> <div  class=\"card large-padding\"> <div  class=\"\" data-content-shortcode=\"mesmerize_contact_form shortcode=&quot;wpforms id=&amp;amp;quot;149&amp;amp;quot;&quot;\" data-editable=\"true\"><div class=\"wpforms-container wpforms-container-full\" id=\"wpforms-149\"><form id=\"wpforms-form-149\" class=\"wpforms-validate wpforms-form wpforms-ajax-form\" data-formid=\"149\" method=\"post\" enctype=\"multipart\/form-data\" action=\"\/arkydesk\/wp-json\/wp\/v2\/pages\/10\" data-token=\"9609434e6485b8e0ad749406d18ece08\" data-token-time=\"1776618310\"><noscript class=\"wpforms-error-noscript\">Por favor, activa JavaScript en tu navegador para completar este formulario.<\/noscript><div class=\"wpforms-field-container\"><div id=\"wpforms-149-field_0-container\" class=\"wpforms-field wpforms-field-name\" data-field-id=\"0\"><label class=\"wpforms-field-label\">Nombre <span class=\"wpforms-required-label\">*<\/span><\/label><div class=\"wpforms-field-row wpforms-field-medium\"><div class=\"wpforms-field-row-block wpforms-first wpforms-one-half\"><input type=\"text\" id=\"wpforms-149-field_0\" class=\"wpforms-field-name-first wpforms-field-required\" name=\"wpforms[fields][0][first]\" required><label for=\"wpforms-149-field_0\" class=\"wpforms-field-sublabel after\">Nombre<\/label><\/div><div class=\"wpforms-field-row-block wpforms-one-half\"><input type=\"text\" id=\"wpforms-149-field_0-last\" class=\"wpforms-field-name-last wpforms-field-required\" name=\"wpforms[fields][0][last]\" required><label for=\"wpforms-149-field_0-last\" class=\"wpforms-field-sublabel after\">Apellidos<\/label><\/div><\/div><\/div><div id=\"wpforms-149-field_1-container\" class=\"wpforms-field wpforms-field-email\" data-field-id=\"1\"><label class=\"wpforms-field-label\" for=\"wpforms-149-field_1\">Correo Elect\u00f3nico <span class=\"wpforms-required-label\">*<\/span><\/label><input type=\"email\" id=\"wpforms-149-field_1\" class=\"wpforms-field-medium wpforms-field-required\" name=\"wpforms[fields][1]\" spellcheck=\"false\" required><\/div><div id=\"wpforms-149-field_3-container\" class=\"wpforms-field wpforms-field-text\" data-field-id=\"3\"><label class=\"wpforms-field-label\" for=\"wpforms-149-field_3\">Tel\u00e9fono <span class=\"wpforms-required-label\">*<\/span><\/label><input type=\"text\" id=\"wpforms-149-field_3\" class=\"wpforms-field-medium wpforms-field-required\" name=\"wpforms[fields][3]\" required><\/div><div id=\"wpforms-149-field_7-container\" class=\"wpforms-field wpforms-field-text\" data-field-id=\"7\"><label class=\"wpforms-field-label\" for=\"wpforms-149-field_7\">C\u00f3digo Postal <span class=\"wpforms-required-label\">*<\/span><\/label><input type=\"text\" id=\"wpforms-149-field_7\" class=\"wpforms-field-medium wpforms-field-required\" name=\"wpforms[fields][7]\" required><\/div><div id=\"wpforms-149-field_4-container\" class=\"wpforms-field wpforms-field-text\" data-field-id=\"4\"><label class=\"wpforms-field-label\" for=\"wpforms-149-field_4\">Inter\u00e9s <span class=\"wpforms-required-label\">*<\/span><\/label><input type=\"text\" id=\"wpforms-149-field_4\" class=\"wpforms-field-medium wpforms-field-required\" name=\"wpforms[fields][4]\" required><\/div><div id=\"wpforms-149-field_5-container\" class=\"wpforms-field wpforms-field-select wpforms-field-select-style-classic\" data-field-id=\"5\"><label class=\"wpforms-field-label\" for=\"wpforms-149-field_5\">\u00bfComo desea ser Contactado? <span class=\"wpforms-required-label\">*<\/span><\/label><select id=\"wpforms-149-field_5\" class=\"wpforms-field-medium wpforms-field-required\" name=\"wpforms[fields][5]\" required=\"required\"><option value=\"Tel\u00e9fono\" >Tel\u00e9fono<\/option><option value=\"Correo Electr\u00f3nico\" >Correo Electr\u00f3nico<\/option><option value=\"Whatsapp\" >Whatsapp<\/option><\/select><\/div><div id=\"wpforms-149-field_2-container\" class=\"wpforms-field wpforms-field-textarea\" data-field-id=\"2\"><label class=\"wpforms-field-label\" for=\"wpforms-149-field_2\">Deja tu mensaje<\/label><textarea id=\"wpforms-149-field_2\" class=\"wpforms-field-medium\" name=\"wpforms[fields][2]\" ><\/textarea><\/div><\/div><!-- .wpforms-field-container --><div class=\"wpforms-recaptcha-container wpforms-is-recaptcha wpforms-is-recaptcha-type-v2\" ><div class=\"g-recaptcha\" data-sitekey=\"6LeRsUkqAAAAAPOOKgsx8ZZBUrAgXEMYVTpzabnq\"><\/div><input type=\"text\" name=\"g-recaptcha-hidden\" class=\"wpforms-recaptcha-hidden\" style=\"position:absolute!important;clip:rect(0,0,0,0)!important;height:1px!important;width:1px!important;border:0!important;overflow:hidden!important;padding:0!important;margin:0!important;\" data-rule-recaptcha=\"1\"><\/div><div class=\"wpforms-submit-container\" ><input type=\"hidden\" name=\"wpforms[id]\" value=\"149\"><input type=\"hidden\" name=\"page_title\" value=\"\"><input type=\"hidden\" name=\"page_url\" value=\"https:\/\/www.arkydesk.com\/arkydesk\/wp-json\/wp\/v2\/pages\/10\"><input type=\"hidden\" name=\"url_referer\" value=\"\"><button type=\"submit\" name=\"wpforms[submit]\" id=\"wpforms-submit-149\" class=\"wpforms-submit\" data-alt-text=\"Sending...\" data-submit-text=\"Enviar\" aria-live=\"assertive\" value=\"wpforms-submit\">Enviar<\/button><img loading=\"lazy\" decoding=\"async\" src=\"https:\/\/www.arkydesk.com\/arkydesk\/wp-content\/plugins\/wpforms-lite\/assets\/images\/submit-spin.svg\" class=\"wpforms-submit-spinner\" style=\"display: none;\" width=\"26\" height=\"26\" alt=\"Cargando\"><\/div><\/form><\/div>  <!-- .wpforms-container --><\/div><\/div> <\/div><\/div> <\/div><\/div>","protected":false},"excerpt":{"rendered":"<p>Dise\u00f1o Arquitect\u00f3nico&nbsp; Te presentamos (dise\u00f1amos todo tipo de) proyectos tales como oficinas, comercios, casas, departamentos, remodelaciones, etc. Nos enfocamos a comprender los requerimientos y damos forma a las ideas que se tienen a trav\u00e9s de un proceso creativo el cual da como resultado proyectos \u00fanicos y a la medida. Brochure Construcci\u00f3n&nbsp; Realizamos la construcci\u00f3n de&hellip; <br \/> <a class=\"read-more\" href=\"https:\/\/www.arkydesk.com\/arkydesk\/servicios\/\">Read more<\/a><\/p>\n","protected":false},"author":1,"featured_media":0,"parent":0,"menu_order":1,"comment_status":"closed","ping_status":"closed","template":"pro\/page-templates\/full-width-page.php","meta":{"_sitemap_exclude":false,"_sitemap_priority":"","_sitemap_frequency":"","_joinchat":[],"footnotes":""},"class_list":["post-10","page","type-page","status-publish","hentry"],"_links":{"self":[{"href":"https:\/\/www.arkydesk.com\/arkydesk\/wp-json\/wp\/v2\/pages\/10","targetHints":{"allow":["GET"]}}],"collection":[{"href":"https:\/\/www.arkydesk.com\/arkydesk\/wp-json\/wp\/v2\/pages"}],"about":[{"href":"https:\/\/www.arkydesk.com\/arkydesk\/wp-json\/wp\/v2\/types\/page"}],"author":[{"embeddable":true,"href":"https:\/\/www.arkydesk.com\/arkydesk\/wp-json\/wp\/v2\/users\/1"}],"replies":[{"embeddable":true,"href":"https:\/\/www.arkydesk.com\/arkydesk\/wp-json\/wp\/v2\/comments?post=10"}],"version-history":[{"count":28,"href":"https:\/\/www.arkydesk.com\/arkydesk\/wp-json\/wp\/v2\/pages\/10\/revisions"}],"predecessor-version":[{"id":853,"href":"https:\/\/www.arkydesk.com\/arkydesk\/wp-json\/wp\/v2\/pages\/10\/revisions\/853"}],"wp:attachment":[{"href":"https:\/\/www.arkydesk.com\/arkydesk\/wp-json\/wp\/v2\/media?parent=10"}],"curies":[{"name":"wp","href":"https:\/\/api.w.org\/{rel}","templated":true}]}}