{"id":1102,"date":"2025-09-02T18:11:39","date_gmt":"2025-09-02T18:11:39","guid":{"rendered":"https:\/\/www.arkydesk.com\/arkydesk\/?page_id=1102"},"modified":"2025-09-02T19:26:05","modified_gmt":"2025-09-02T19:26:05","slug":"venta-2","status":"publish","type":"page","link":"https:\/\/www.arkydesk.com\/arkydesk\/venta-2\/","title":{"rendered":"VENTA"},"content":{"rendered":"<div  data-label=\"Portfolio\" data-id=\"portfolio--1\" data-export-id=\"portfolio-3\" data-category=\"portfolio\" class=\"portfolio-3 content-section content-section-spacing\" id=\"portfolio-1\" style=\"background-color: rgb(49, 44, 49); background-image: none;\" data-section-ov=\"1\"><div  class=\"gridContainer\"> <div  class=\"row text-center\"><div  class=\"section-title-col\" data-type=\"column\">  <\/div> <\/div> <div  class=\"row spaced-cols space-bottom\" data-type=\"row\"> <div  class=\"col-xs-12 col-sm-4 text-center\"> <div  class=\"card no-padding bottom-border-color1 no-shadow\"> <div  data-hover-fx=\"portfolio-3\" class=\"contentswap-effect\"> <div  class=\"initial-image\"> <img decoding=\"async\"  data-size=\"500x333\" src=\"https:\/\/www.arkydesk.com\/arkydesk\/wp-content\/uploads\/2025\/09\/cropped-cropped-FOTOS_14-C_Mesa-de-trabajo-1-copia-2.jpg\"><\/div> <div  class=\"overlay bg-color6\"><\/div> <div  class=\"swap-inner col-xs-12\"> <div  class=\"row full-height-row middle-xs middle-sm\"> <div  class=\"col-xs-12 text-center content-holder\"> <a  class=\"button force-shadow color5 white-text\" href=\"https:\/\/www.arkydesk.com\/arkydesk\/altus-14c\" target=\"lightbox\" data-cp-link=\"1\" data-icon=\"\">VER M\u00c1S<\/a><\/div> <\/div><\/div> <\/div> <div  class=\"space-bottom space-top col-xs-12\" data-type=\"column\"> <h4  class=\"\"><span  style=\"font-family: Raleway, arial, helvetica, sans-serif;\">ALTUS 14C<\/span><\/h4> <\/div> <\/div><\/div> <div  class=\"col-xs-12 col-sm-4 text-center\"><div  class=\"card no-padding bottom-border-color1 no-shadow\"> <div  data-hover-fx=\"portfolio-3\" class=\"contentswap-effect\"><div  class=\"initial-image\"> <img decoding=\"async\"  data-size=\"500x333\" src=\"https:\/\/www.arkydesk.com\/arkydesk\/wp-content\/uploads\/2025\/09\/cropped-21-A_Mesa-de-trabajo-1-copia-24.jpg\"><\/div> <div  class=\"overlay bg-color6\"><\/div> <div  class=\"swap-inner col-xs-12\"> <div  class=\"row full-height-row middle-xs middle-sm\"> <div  class=\"col-xs-12 text-center content-holder\"> <a  class=\"button small force-shadow color5 white-text\" href=\"https:\/\/www.arkydesk.com\/arkydesk\/altus-21a\" target=\"lightbox\" data-cp-link=\"1\" data-icon=\"\">VER M\u00c1S<\/a><\/div> <\/div><\/div> <\/div> <div  class=\"space-bottom space-top col-xs-12\" data-type=\"column\"> <h4  class=\"\">ALTUS 21A<\/h4> <\/div> <\/div><\/div> <div  class=\"col-xs-12 col-sm-4 text-center\"><div  class=\"card no-padding bottom-border-color1 no-shadow\"> <div  data-hover-fx=\"portfolio-3\" class=\"contentswap-effect\"><div  class=\"initial-image\"> <img decoding=\"async\"  data-size=\"500x333\" src=\"https:\/\/www.arkydesk.com\/arkydesk\/wp-content\/uploads\/2025\/09\/cropped-21-B_Mesa-de-trabajo-1-copia-48.jpg\"><\/div> <div  class=\"overlay bg-color6\"><\/div> <div  class=\"swap-inner col-xs-12\"> <div  class=\"row full-height-row middle-xs middle-sm\"> <div  class=\"col-xs-12 text-center content-holder\"> <a  class=\"button small force-shadow color5 white-text\" href=\"https:\/\/www.arkydesk.com\/arkydesk\/altus-21b\" target=\"lightbox\" data-cp-link=\"1\" data-icon=\"\">VER M\u00c1S<\/a><\/div> <\/div><\/div> <\/div> <div  class=\"space-bottom space-top col-xs-12\" data-type=\"column\"> <h4  class=\"\">ALTUS 21B<\/h4> <\/div> <\/div><\/div> <\/div> <div  class=\"row\"> <div  data-type=\"column\" class=\"col-xs-12 text-center\"> <a  class=\"button y-move color5 white-text round outline\" href=\"#\" target=\"_self\" data-cp-link=\"1\" data-icon=\"\">CONTACTA AL VENDEDOR<\/a><\/div> <\/div><\/div> <\/div>","protected":false},"excerpt":{"rendered":"<p>VER M\u00c1S ALTUS 14C VER M\u00c1S ALTUS 21A VER M\u00c1S ALTUS 21B CONTACTA AL VENDEDOR<\/p>\n","protected":false},"author":1,"featured_media":0,"parent":0,"menu_order":0,"comment_status":"closed","ping_status":"closed","template":"pro\/page-templates\/full-width-page.php","meta":{"_sitemap_exclude":false,"_sitemap_priority":"","_sitemap_frequency":"","_joinchat":[],"footnotes":""},"class_list":["post-1102","page","type-page","status-publish","hentry"],"_links":{"self":[{"href":"https:\/\/www.arkydesk.com\/arkydesk\/wp-json\/wp\/v2\/pages\/1102","targetHints":{"allow":["GET"]}}],"collection":[{"href":"https:\/\/www.arkydesk.com\/arkydesk\/wp-json\/wp\/v2\/pages"}],"about":[{"href":"https:\/\/www.arkydesk.com\/arkydesk\/wp-json\/wp\/v2\/types\/page"}],"author":[{"embeddable":true,"href":"https:\/\/www.arkydesk.com\/arkydesk\/wp-json\/wp\/v2\/users\/1"}],"replies":[{"embeddable":true,"href":"https:\/\/www.arkydesk.com\/arkydesk\/wp-json\/wp\/v2\/comments?post=1102"}],"version-history":[{"count":6,"href":"https:\/\/www.arkydesk.com\/arkydesk\/wp-json\/wp\/v2\/pages\/1102\/revisions"}],"predecessor-version":[{"id":1202,"href":"https:\/\/www.arkydesk.com\/arkydesk\/wp-json\/wp\/v2\/pages\/1102\/revisions\/1202"}],"wp:attachment":[{"href":"https:\/\/www.arkydesk.com\/arkydesk\/wp-json\/wp\/v2\/media?parent=1102"}],"curies":[{"name":"wp","href":"https:\/\/api.w.org\/{rel}","templated":true}]}}