{"id":176,"date":"2022-07-14T22:35:39","date_gmt":"2022-07-14T22:35:39","guid":{"rendered":"http:\/\/10.40.230.12\/arkydesk\/empowerwp-pro\/"},"modified":"2024-04-26T23:05:14","modified_gmt":"2024-04-26T23:05:14","slug":"home","status":"publish","type":"page","link":"https:\/\/www.arkydesk.com\/arkydesk\/","title":{"rendered":"ARKYDESK"},"content":{"rendered":"<div  data-label=\"Residencia Altus 14 C\" data-id=\"about--2\" data-export-id=\"about-9\" data-category=\"about\" class=\"about-9 content-section content-section-spacing\" id=\"residencia-altus-14-c-1\" style=\"background-color: rgb(255, 255, 255); background-image: url(&quot;https:\/\/www.arkydesk.com\/arkydesk\/wp-content\/uploads\/2023\/10\/cropped-FOTO_EXT-1-2.jpg&quot;); background-size: cover; background-position: center top;\" data-section-ov=\"1\"><div  class=\"gridContainer\"> <div  class=\"row middle-sm text-center\"><div  class=\"col-sm-5 space-bottom-xs content-column content-right-sm\" data-type=\"column\">  <h2  class=\"\" style=\"border-bottom-color: rgb(67, 137, 124);\"><span  style=\"font-weight: 700; color: rgb(255, 255, 255);\">Residencia Altus 14 C<\/span><\/h2> <p  class=\"\"><span  style=\"color: rgb(255, 255, 255);\">275 m\ufeff2<\/span><\/p> <a class=\"button color5 white-text square outline\" href=\"https:\/\/www.arkydesk.com\/arkydesk\/altus-14-c-2\" target=\"lightbox\" data-cp-link=\"1\" data-icon=\"\" rel=\"noopener\">Detalles<\/a><\/div> <div  class=\"col-sm-7 flexbox flexbox middle-xs center-xs space-bottom-xs\"><div  class=\"overlay-box flexbox middle-xs center-xs overlay-holder \"> <div  class=\"overlay-box-offset offset-background shadow-medium bg-color2 hide-xs\"><\/div> <a data-cp-link=\"1\" href=\"#\" target=\"_self\" rel=\"noopener\"><img  decoding=\"async\" class=\"flexbox shadow-large img1\" src=\"https:\/\/www.arkydesk.com\/arkydesk\/wp-content\/uploads\/2023\/10\/cropped-cropped-cropped-FOTO_EXT-1-2.jpg\" data-size=\"600x400\"><\/a><\/div> <\/div><\/div> <\/div><\/div><div  data-label=\"Residencia Altus 14 B\" data-id=\"content--7\" data-export-id=\"content-8\" data-category=\"content\" class=\"content-8 content-section content-section-spacing\" id=\"residencia-altus-14-b\" style=\"background-color: rgb(255, 255, 255); background-image: url(&quot;https:\/\/www.arkydesk.com\/arkydesk\/wp-content\/uploads\/2022\/07\/HOME-DESAROOLLO-2-scaled.jpg&quot;); background-size: cover; background-position: center top;\" data-section-ov=\"1\"><div  class=\"gridContainer\"> <div  class=\"row middle-sm\"><div  class=\"col-sm-6 space-bottom-xs space-top-xs\" data-type=\"column\"><img  decoding=\"async\" class=\"custom-image\" src=\"https:\/\/www.arkydesk.com\/arkydesk\/wp-content\/uploads\/2023\/10\/cropped-cropped-cropped-ALTUS-14B-3-scaled-2.jpg\" title=\"ALTUS 14B 3\" alt=\"\"> <\/div> <div  class=\"col-sm-6\" data-type=\"column\"><h2  class=\"\" style=\"border-bottom-color: rgb(67, 137, 124);\"><span  style=\"font-weight: 700; color: rgb(255, 255, 255);\">Residencia Altus 14 B<\/span><\/h2> <p  class=\"\"><span  style=\"color: rgb(255, 255, 255);\">298 m2<\/span><\/p> <a class=\"button color5 white-text square outline\" href=\"https:\/\/www.arkydesk.com\/arkydesk\/altus-14-b-vendida\" target=\"lightbox\" data-cp-link=\"1\" data-icon=\"\" rel=\"noopener\">Detalles<\/a><a class=\"button color5 white-text square outline\" href=\"https:\/\/www.youtube.com\/watch?si=uF9YR-s10hR-2abV&amp;v=NgK77GYGCU8&amp;feature=youtu.be\" target=\"_self\" data-cp-link=\"1\" data-icon=\"\" rel=\"noopener\">Ver video<\/a><\/div> <\/div><\/div> <\/div><div  data-label=\"Residencia Altus 14 A\" data-id=\"about--1\" data-export-id=\"about-9\" data-category=\"about\" class=\"about-9 content-section content-section-spacing\" id=\"residencia-altus-14-a\" style=\"background-color: rgb(255, 255, 255); background-image: url(&quot;https:\/\/www.arkydesk.com\/arkydesk\/wp-content\/uploads\/2022\/07\/HOME-DESARROLLO-1-scaled.jpg&quot;); background-size: cover; background-position: center top;\" data-section-ov=\"1\"><div  class=\"\"> <div  class=\"row middle-sm text-center\"><div  class=\"col-sm-5 space-bottom-xs content-column content-right-sm\" data-type=\"column\">  <h2  class=\"\" style=\"border-bottom-color: rgb(67, 137, 124);\"><span  style=\"font-weight: 700; color: rgb(255, 255, 255);\">Residencia Altus 14 A<\/span><\/h2> <p  class=\"\"><span  style=\"color: rgb(255, 255, 255);\">274 m\ufeff2<\/span><\/p> <a class=\"button color5 white-text square outline\" href=\"https:\/\/www.arkydesk.com\/arkydesk\/altus-14a-vendida\" target=\"lightbox\" data-cp-link=\"1\" data-icon=\"\" rel=\"noopener\">Detalles<\/a><a class=\"button color5 white-text square outline\" href=\"https:\/\/www.youtube.com\/watch?si=8T6vCWNahe3nTDoT&amp;v=I-Zds4-NghA&amp;feature=youtu.be\" target=\"_self\" data-cp-link=\"1\" data-icon=\"\" rel=\"noopener\">Ver video<\/a><\/div> <div  class=\"col-sm-7 flexbox flexbox middle-xs center-xs space-bottom-xs first-xs last-sm\"><div  class=\"overlay-box flexbox middle-xs center-xs overlay-holder \"> <div  class=\"overlay-box-offset offset-background shadow-medium bg-color2 hide-xs\"><\/div> <img  decoding=\"async\" class=\"flexbox shadow-large img1\" src=\"https:\/\/www.arkydesk.com\/arkydesk\/wp-content\/uploads\/2023\/10\/cropped-cropped-cropped-cropped-ALTUS-14-A-10-scaled-4.jpg\" data-size=\"600x400\" title=\"ALTUS 14 A 10\" alt=\"\"><\/div> <\/div><\/div> <\/div><\/div><div  data-label=\"Cta\" data-id=\"cta--1\" data-export-id=\"cta-blue-section\" data-category=\"cta\" class=\"cta-blue-section content-section content-section-spacing-medium bg-color1 white-text\" id=\"cta-1\" style=\"background-image: url(&quot;https:\/\/www.arkydesk.com\/arkydesk\/wp-content\/uploads\/2022\/07\/FONDO-PORQUE-08-scaled.jpg&quot;); background-color: rgb(255, 255, 255); background-size: cover; background-position: center top;\"><div  class=\"gridContainer\"><div  data-section-title-area=\"true\" class=\"row text-center\">   <div  class=\"section-title-col\" data-type=\"column\">                 <\/div><\/div> <div  class=\"row middle-xs\"><div  class=\"col-sm-8 space-bottom-xs\" data-type=\"column\"> <h2  class=\"no-after\" style=\"border-bottom-color: rgb(67, 137, 124); text-align: center;\">Conoce nuestro Aviso de Privacidad<\/h2> <\/div> <div  class=\"col-sm-4 end-sm\" data-type=\"column\"> <a class=\"button color5 white-text outline\" href=\"https:\/\/www.arkydesk.com\/arkydesk\/aviso-de-privacidad\" target=\"_self\" data-cp-link=\"1\" data-icon=\"\" rel=\"noopener\">SABER M\u00c1S<\/a><\/div> <\/div><\/div> <\/div><div  data-label=\"Contact\" data-id=\"contact--1\" data-export-id=\"contact-1\" data-category=\"contact\" class=\"contact-1 content-section content-section-spacing white-text\" data-parallax-depth=\"20\" id=\"contact-1\" style=\"background-color: rgb(245, 250, 253); background-image: url(&quot;https:\/\/www.arkydesk.com\/arkydesk\/wp-content\/uploads\/2022\/07\/FONDO-QUIENES-SOMOS-08-scaled.jpg&quot;); background-size: cover; background-position: center top;\" data-section-ov=\"1\"><div  class=\"gridContainer\"> <div  class=\"row text-center\"><div  class=\"section-title-col\" data-type=\"column\"> <h2  class=\"\" style=\"border-bottom-color: rgb(67, 137, 124);\">Contacto<\/h2> <p  class=\"lead\">Direcci\u00f3n:<br >\nLago Alberto 442, Piso 3, Col. An\u00e1huac I Secc, Miguel Hidalgo,<br >\nCP.11320 Ciudad de M\u00e9xico, Mexico.\n<br ><br >\nTelefono:\n<br >(55) 1100 0429<br >\n(55) 5007 9833<\/p><\/div> <\/div> <div  class=\"row text-center\"> <div  class=\"col-xs-12 col-sm-8 col-sm-offset-2 contact-form-wrapper inline-info\"> <div  class=\"card large-padding\"> <div  class=\"\" data-content-shortcode=\"mesmerize_contact_form shortcode=&quot;wpforms id=&amp;amp;quot;149&amp;amp;quot;&quot;\" data-editable=\"true\"><div class=\"wpforms-container wpforms-container-full\" id=\"wpforms-149\"><form id=\"wpforms-form-149\" class=\"wpforms-validate wpforms-form wpforms-ajax-form\" data-formid=\"149\" method=\"post\" enctype=\"multipart\/form-data\" action=\"\/arkydesk\/wp-json\/wp\/v2\/pages\/176\" data-token=\"9609434e6485b8e0ad749406d18ece08\" data-token-time=\"1776612415\"><noscript class=\"wpforms-error-noscript\">Por favor, activa JavaScript en tu navegador para completar este formulario.<\/noscript><div class=\"wpforms-field-container\"><div id=\"wpforms-149-field_0-container\" class=\"wpforms-field wpforms-field-name\" data-field-id=\"0\"><label class=\"wpforms-field-label\">Nombre <span class=\"wpforms-required-label\">*<\/span><\/label><div class=\"wpforms-field-row wpforms-field-medium\"><div class=\"wpforms-field-row-block wpforms-first wpforms-one-half\"><input type=\"text\" id=\"wpforms-149-field_0\" class=\"wpforms-field-name-first wpforms-field-required\" name=\"wpforms[fields][0][first]\" required><label for=\"wpforms-149-field_0\" class=\"wpforms-field-sublabel after\">Nombre<\/label><\/div><div class=\"wpforms-field-row-block wpforms-one-half\"><input type=\"text\" id=\"wpforms-149-field_0-last\" class=\"wpforms-field-name-last wpforms-field-required\" name=\"wpforms[fields][0][last]\" required><label for=\"wpforms-149-field_0-last\" class=\"wpforms-field-sublabel after\">Apellidos<\/label><\/div><\/div><\/div><div id=\"wpforms-149-field_1-container\" class=\"wpforms-field wpforms-field-email\" data-field-id=\"1\"><label class=\"wpforms-field-label\" for=\"wpforms-149-field_1\">Correo Elect\u00f3nico <span class=\"wpforms-required-label\">*<\/span><\/label><input type=\"email\" id=\"wpforms-149-field_1\" class=\"wpforms-field-medium wpforms-field-required\" name=\"wpforms[fields][1]\" spellcheck=\"false\" required><\/div><div id=\"wpforms-149-field_3-container\" class=\"wpforms-field wpforms-field-text\" data-field-id=\"3\"><label class=\"wpforms-field-label\" for=\"wpforms-149-field_3\">Tel\u00e9fono <span class=\"wpforms-required-label\">*<\/span><\/label><input type=\"text\" id=\"wpforms-149-field_3\" class=\"wpforms-field-medium wpforms-field-required\" name=\"wpforms[fields][3]\" required><\/div><div id=\"wpforms-149-field_7-container\" class=\"wpforms-field wpforms-field-text\" data-field-id=\"7\"><label class=\"wpforms-field-label\" for=\"wpforms-149-field_7\">C\u00f3digo Postal <span class=\"wpforms-required-label\">*<\/span><\/label><input type=\"text\" id=\"wpforms-149-field_7\" class=\"wpforms-field-medium wpforms-field-required\" name=\"wpforms[fields][7]\" required><\/div><div id=\"wpforms-149-field_4-container\" class=\"wpforms-field wpforms-field-text\" data-field-id=\"4\"><label class=\"wpforms-field-label\" for=\"wpforms-149-field_4\">Inter\u00e9s <span class=\"wpforms-required-label\">*<\/span><\/label><input type=\"text\" id=\"wpforms-149-field_4\" class=\"wpforms-field-medium wpforms-field-required\" name=\"wpforms[fields][4]\" required><\/div><div id=\"wpforms-149-field_5-container\" class=\"wpforms-field wpforms-field-select wpforms-field-select-style-classic\" data-field-id=\"5\"><label class=\"wpforms-field-label\" for=\"wpforms-149-field_5\">\u00bfComo desea ser Contactado? <span class=\"wpforms-required-label\">*<\/span><\/label><select id=\"wpforms-149-field_5\" class=\"wpforms-field-medium wpforms-field-required\" name=\"wpforms[fields][5]\" required=\"required\"><option value=\"Tel\u00e9fono\" >Tel\u00e9fono<\/option><option value=\"Correo Electr\u00f3nico\" >Correo Electr\u00f3nico<\/option><option value=\"Whatsapp\" >Whatsapp<\/option><\/select><\/div><div id=\"wpforms-149-field_2-container\" class=\"wpforms-field wpforms-field-textarea\" data-field-id=\"2\"><label class=\"wpforms-field-label\" for=\"wpforms-149-field_2\">Deja tu mensaje<\/label><textarea id=\"wpforms-149-field_2\" class=\"wpforms-field-medium\" name=\"wpforms[fields][2]\" ><\/textarea><\/div><\/div><!-- .wpforms-field-container --><div class=\"wpforms-recaptcha-container wpforms-is-recaptcha wpforms-is-recaptcha-type-v2\" ><div class=\"g-recaptcha\" data-sitekey=\"6LeRsUkqAAAAAPOOKgsx8ZZBUrAgXEMYVTpzabnq\"><\/div><input type=\"text\" name=\"g-recaptcha-hidden\" class=\"wpforms-recaptcha-hidden\" style=\"position:absolute!important;clip:rect(0,0,0,0)!important;height:1px!important;width:1px!important;border:0!important;overflow:hidden!important;padding:0!important;margin:0!important;\" data-rule-recaptcha=\"1\"><\/div><div class=\"wpforms-submit-container\" ><input type=\"hidden\" name=\"wpforms[id]\" value=\"149\"><input type=\"hidden\" name=\"page_title\" value=\"\"><input type=\"hidden\" name=\"page_url\" value=\"https:\/\/www.arkydesk.com\/arkydesk\/wp-json\/wp\/v2\/pages\/176\"><input type=\"hidden\" name=\"url_referer\" value=\"\"><button type=\"submit\" name=\"wpforms[submit]\" id=\"wpforms-submit-149\" class=\"wpforms-submit\" data-alt-text=\"Sending...\" data-submit-text=\"Enviar\" aria-live=\"assertive\" value=\"wpforms-submit\">Enviar<\/button><img loading=\"lazy\" decoding=\"async\" src=\"https:\/\/www.arkydesk.com\/arkydesk\/wp-content\/plugins\/wpforms-lite\/assets\/images\/submit-spin.svg\" class=\"wpforms-submit-spinner\" style=\"display: none;\" width=\"26\" height=\"26\" alt=\"Cargando\"><\/div><\/form><\/div>  <!-- .wpforms-container --><\/div><\/div> <\/div><\/div> <\/div><\/div>","protected":false},"excerpt":{"rendered":"<p>Residencia Altus 14 C 275 m\ufeff2 Detalles Residencia Altus 14 B 298 m2 DetallesVer video Residencia Altus 14 A 274 m\ufeff2 DetallesVer video Conoce nuestro Aviso de Privacidad SABER M\u00c1S Contacto Direcci\u00f3n: Lago Alberto 442, Piso 3, Col. An\u00e1huac I Secc, Miguel Hidalgo, CP.11320 Ciudad de M\u00e9xico, Mexico. Telefono: (55) 1100 0429 (55) 5007 9833<\/p>\n","protected":false},"author":1,"featured_media":0,"parent":0,"menu_order":0,"comment_status":"closed","ping_status":"closed","template":"page-templates\/homepage.php","meta":{"_sitemap_exclude":false,"_sitemap_priority":"","_sitemap_frequency":"","_joinchat":[],"footnotes":""},"class_list":["post-176","page","type-page","status-publish","hentry"],"_links":{"self":[{"href":"https:\/\/www.arkydesk.com\/arkydesk\/wp-json\/wp\/v2\/pages\/176","targetHints":{"allow":["GET"]}}],"collection":[{"href":"https:\/\/www.arkydesk.com\/arkydesk\/wp-json\/wp\/v2\/pages"}],"about":[{"href":"https:\/\/www.arkydesk.com\/arkydesk\/wp-json\/wp\/v2\/types\/page"}],"author":[{"embeddable":true,"href":"https:\/\/www.arkydesk.com\/arkydesk\/wp-json\/wp\/v2\/users\/1"}],"replies":[{"embeddable":true,"href":"https:\/\/www.arkydesk.com\/arkydesk\/wp-json\/wp\/v2\/comments?post=176"}],"version-history":[{"count":78,"href":"https:\/\/www.arkydesk.com\/arkydesk\/wp-json\/wp\/v2\/pages\/176\/revisions"}],"predecessor-version":[{"id":1061,"href":"https:\/\/www.arkydesk.com\/arkydesk\/wp-json\/wp\/v2\/pages\/176\/revisions\/1061"}],"wp:attachment":[{"href":"https:\/\/www.arkydesk.com\/arkydesk\/wp-json\/wp\/v2\/media?parent=176"}],"curies":[{"name":"wp","href":"https:\/\/api.w.org\/{rel}","templated":true}]}}