{"id":546,"date":"2022-08-04T20:06:19","date_gmt":"2022-08-04T20:06:19","guid":{"rendered":"http:\/\/10.40.230.12\/arkydesk\/?page_id=546"},"modified":"2023-09-28T18:47:58","modified_gmt":"2023-09-28T18:47:58","slug":"aviso-de-privacidad","status":"publish","type":"page","link":"https:\/\/www.arkydesk.com\/arkydesk\/aviso-de-privacidad\/","title":{"rendered":"AVISO DE PRIVACIDAD"},"content":{"rendered":"<div  data-label=\"Content\" data-id=\"content--1\" data-export-id=\"content-12\" data-category=\"content\" class=\"content-12 content-section content-section-spacing\" id=\"content-1\" style=\"background-color: rgb(255, 255, 255); background-image: url(&quot;https:\/\/www.arkydesk.com\/arkydesk\/wp-content\/uploads\/2022\/07\/FONDO-CLARO-08-scaled.jpg&quot;); background-size: cover; background-position: center top;\"><div  class=\"gridContainer\"> <div  class=\"row text-center\"><div  class=\"section-title-col\" data-type=\"column\">  <p  class=\"lead\" style=\"text-align: left;\"><span  style=\"font-weight: 500; color: rgb(21, 21, 21); font-family: Raleway, arial, helvetica, sans-serif;\">ARKYDESK, S.A. de C.V., con domicilio en Lago Alberto 442, Piso 3, Col. An\u00e1huac I Secc., Miguel Hidalgo, CP.11320 Ciudad de M\u00e9xico (en adelante \u201cARKYDESK\u201d), reconoce la importancia que tiene el tratamiento leg\u00edtimo, controlado e informado de sus datos personales, por lo que en cumplimiento a la Ley Federal de Protecci\u00f3n de Datos Personales en Posesi\u00f3n de los Particulares (la \u201cLey\u201d), pone a su consideraci\u00f3n el presente Aviso de Privacidad.<\/span><br ><span  style=\"color: rgb(21, 21, 21); font-weight: 500; font-family: Raleway, arial, helvetica, sans-serif;\">\n1.\tDatos personales que se tratar\u00e1n.<\/span><br ><span  style=\"color: rgb(21, 21, 21); font-weight: 500; font-family: Raleway, arial, helvetica, sans-serif;\">\n\u2022\tAlgunos o todos de los siguientes datos personales ser\u00e1n tratados por ARKYDESK, ya que son necesarios para dar origen y lugar a la existencia, mantenimiento y cumplimiento de la relaci\u00f3n jur\u00eddica entre Usted y ARKYDESK.<\/span><br ><span  style=\"color: rgb(21, 21, 21); font-weight: 500; font-family: Raleway, arial, helvetica, sans-serif;\">\n\u2022\tDatos de identificaci\u00f3n: nombre, domicilios, fecha de nacimiento, CURP, n\u00famero de c\u00e9dula de identificaci\u00f3n fiscal, n\u00famero de tel\u00e9fono, fijo o m\u00f3vil, correo electr\u00f3nico, as\u00ed como nombre de sus familiares y datos de contacto de estos.<\/span><br ><span  style=\"color: rgb(21, 21, 21); font-weight: 500; font-family: Raleway, arial, helvetica, sans-serif;\">\n\u2022\tDatos laborales: puesto, antig\u00fcedad laboral, record y antecedentes laborales, domicilio, correo electr\u00f3nico, n\u00famero de tel\u00e9fono, fijo o m\u00f3vil.<\/span><br ><span  style=\"color: rgb(21, 21, 21); font-weight: 500; font-family: Raleway, arial, helvetica, sans-serif;\">\n\u2022\tDatos financieros: informaci\u00f3n de cuentas bancarias, estados financieros, forma de pago, u otros similares.<\/span><br ><span  style=\"color: rgb(21, 21, 21); font-weight: 500; font-family: Raleway, arial, helvetica, sans-serif;\">\n\u2022\tDatos de facturaci\u00f3n: domicilio fiscal, clave de identificaci\u00f3n fiscal y datos de la persona a quien ha de facturarse.<\/span><br ><span  style=\"color: rgb(21, 21, 21); font-weight: 500; font-family: Raleway, arial, helvetica, sans-serif;\">\nConsiderando la naturaleza de la relaci\u00f3n entre Usted y ARKYDESK, algunos de los datos se\u00f1alados anteriormente y que ser\u00e1n recabados, pudieran involucrar bajo ciertas circunstancias, datos personales financieros o patrimoniales, los cuales ser\u00e1n tratados de conformidad con este Aviso de Privacidad.<\/span><br ><span  style=\"color: rgb(21, 21, 21); font-weight: 500; font-family: Raleway, arial, helvetica, sans-serif;\">\n1.\tFinalidades del tratamiento de los datos personales.<\/span><br ><span  style=\"color: rgb(21, 21, 21); font-weight: 500; font-family: Raleway, arial, helvetica, sans-serif;\">\n\u2022\tLos datos personales que nos proporcione voluntariamente, ser\u00e1n tratados, seg\u00fan sea el caso, para la existencia, mantenimiento y cumplimiento de la relaci\u00f3n jur\u00eddica entre Usted y ARKYDESK. ARKYDESK usar\u00e1 sus datos personales para:<\/span><br ><span  style=\"color: rgb(21, 21, 21); font-weight: 500; font-family: Raleway, arial, helvetica, sans-serif;\">\n1.\tContactarlo;<\/span><br ><span  style=\"color: rgb(21, 21, 21); font-weight: 500; font-family: Raleway, arial, helvetica, sans-serif;\">\n2.\tCrear y mantener actualizado su perfil en la base de datos de clientes;<\/span><br ><span  style=\"color: rgb(21, 21, 21); font-weight: 500; font-family: Raleway, arial, helvetica, sans-serif;\">\n3.\tCumplir con el objeto de la relaci\u00f3n que dio origen al tratamiento de los datos personales;<\/span><br ><span  style=\"color: rgb(21, 21, 21); font-weight: 500; font-family: Raleway, arial, helvetica, sans-serif;\">\n4.\tPara atender a sus preguntas y comentarios que nos haga llegar por cualquier medio;<\/span><br ><span  style=\"color: rgb(21, 21, 21); font-weight: 500; font-family: Raleway, arial, helvetica, sans-serif;\">\n5.\tEnviarle informaci\u00f3n de inter\u00e9s;<\/span><br ><span  style=\"color: rgb(21, 21, 21); font-weight: 500; font-family: Raleway, arial, helvetica, sans-serif;\">\n\u2022\t6. Con fines de mercadotecnia, publicidad y prospecci\u00f3n comercial;<\/span><br ><span  style=\"color: rgb(21, 21, 21); font-weight: 500; font-family: Raleway, arial, helvetica, sans-serif;\">\n\u2022\t7. En general, para dar seguimiento a cualquier solicitud de servicios que se nos haga llegar.<\/span><br ><span  style=\"color: rgb(21, 21, 21); font-weight: 500; font-family: Raleway, arial, helvetica, sans-serif;\">\nIII. Transferencias de datos personales.<\/span><br ><span  style=\"color: rgb(21, 21, 21); font-weight: 500; font-family: Raleway, arial, helvetica, sans-serif;\">\nARKYDESK transferir\u00e1 sus datos personales dentro del territorio nacional con la finalidad de dar lugar a la existencia, mantenimiento y cumplimiento de la relaci\u00f3n jur\u00eddica entre Usted y ARKYDESK (los \u201cReceptores\u201d). ARKYDESK transferir\u00e1 toda o parte de la informaci\u00f3n que Usted nos proporcione a los Receptores a manera de correos electr\u00f3nicos y\/o en formas an\u00e1logas de transmisi\u00f3n de informaci\u00f3n.<\/span><br ><span  style=\"color: rgb(21, 21, 21); font-weight: 500; font-family: Raleway, arial, helvetica, sans-serif;\">\nLos Receptores podr\u00e1n ser de dos tipos: (i) sociedades con las que ARKYDESK tiene una relaci\u00f3n contractual y\/o comercial o profesional y (ii) terceros ajenos a ARKYDESK, cuando esta transferencia se haga precisamente para el mantenimiento o cumplimiento de la relaci\u00f3n jur\u00eddica entre ARKYDESK y Usted, como podr\u00eda ser de manera enunciativa, mas no limitativa, la transferencia de datos a asesores legales, fiscales, financieros o laborales, autoridades gubernamentales, etc.<\/span><br ><span  style=\"color: rgb(21, 21, 21); font-weight: 500; font-family: Raleway, arial, helvetica, sans-serif;\">\nEn ambos casos, ARKYDESK har\u00e1 conocer al receptor las medidas de protecci\u00f3n de datos personales implementadas por ARKYDESK. No obstante, ARKYDESK no responder\u00e1 por el tratamiento que los terceros hagan de sus datos personales pues dichos actos est\u00e1n m\u00e1s all\u00e1 del alcance de ARKYDESK. De igual manera, se le informa que ARKYDESK a su juicio, podr\u00e1 solicitar informaci\u00f3n a terceros, respecto de sus antecedentes legales y personales, para lo cual, ARKYDESK verificar\u00e1 que dichos transferentes cuenten con una pol\u00edtica de privacidad que proteja sus datos personales.<\/span><br ><span  style=\"color: rgb(21, 21, 21); font-weight: 500; font-family: Raleway, arial, helvetica, sans-serif;\">\nEn cualquiera de los casos anteriores, se le informa que ARKYDESK no requiere de su consentimiento para realizar la transferencia de sus datos personales, en t\u00e9rminos del Art\u00edculo 37 de la Ley. No obstante, en caso de que no est\u00e9 de acuerdo con la transferencia de sus datos personales, favor de hacernos llegar un correo a info@arkydesk.com con el fin de que sus datos personales no sean transferidos. Cualquier otro tipo de transferencia de datos s\u00f3lo podr\u00e1 hacerse siempre y cuando: (i) se encuentre prevista en la Ley, (ii) sea resultado de mandamiento de una autoridad competente, o (iii) se cuente con el consentimiento expreso del titular.<\/span><br ><span  style=\"color: rgb(21, 21, 21); font-weight: 500; font-family: Raleway, arial, helvetica, sans-serif;\">\n1.\tMedidas de seguridad.<\/span><br ><span  style=\"color: rgb(21, 21, 21); font-weight: 500; font-family: Raleway, arial, helvetica, sans-serif;\">\nARKYDESK ha adoptado las medidas de seguridad, administrativas, t\u00e9cnicas y f\u00edsicas, necesarias para proteger sus datos personales en contra de da\u00f1o, p\u00e9rdida, alteraci\u00f3n, destrucci\u00f3n o el uso, acceso o tratamiento no autorizado.<\/span><br ><span  style=\"color: rgb(21, 21, 21); font-weight: 500; font-family: Raleway, arial, helvetica, sans-serif;\">\nSi tuvi\u00e9ramos conocimiento que ocurra una vulneraci\u00f3n de seguridad en cualquier fase del tratamiento de datos personales, que afecte de forma significativa sus derechos patrimoniales o morales, el titular del \u00e1rea de datos personales de ARKYDESK le comunicar\u00e1 de forma inmediata por correo electr\u00f3nico el suceso de vulneraci\u00f3n de seguridad, para que Usted pueda tomar las medidas necesarias correspondientes para la defensa de sus derechos.<\/span><br ><span  style=\"color: rgb(21, 21, 21); font-weight: 500; font-family: Raleway, arial, helvetica, sans-serif;\">\nEn cualquier caso, el acceso a sus datos personales, en poder de ARKYDESK, se limitar\u00e1 a las personas que necesiten tener acceso a dicha informaci\u00f3n, con el prop\u00f3sito de llevar a cabo las finalidades identificadas en este Aviso de Privacidad.<\/span><br ><span  style=\"color: rgb(21, 21, 21); font-weight: 500; font-family: Raleway, arial, helvetica, sans-serif;\">\n1.\tDerechos que le corresponden al titular de datos personales.<\/span><br ><span  style=\"color: rgb(21, 21, 21); font-weight: 500; font-family: Raleway, arial, helvetica, sans-serif;\">\nUsted tiene derecho al acceso, rectificaci\u00f3n y cancelaci\u00f3n de sus datos personales, a oponerse al tratamiento de los mismos o a revocar su consentimiento (en su conjunto \u201cDerechos ARCO\u201d).  Para ello, es necesario que usted presente una solicitud por escrito del ejercicio del Derecho ARCO dirigida al \u00e1rea de protecci\u00f3n de datos personales de ARKYDESK al correo electr\u00f3nico info@arkydesk.com, (la \u201cSolicitud\u201d); debiendo recibir acuse de recibo por el mismo medio, para que ARKYDESK quede vinculado al respecto. Dicha Solicitud deber\u00e1 contener la siguiente informaci\u00f3n: (a) nombres y apellidos del titular; (b) direcci\u00f3n de correo electr\u00f3nico para recibir notificaciones; (c) copia simple de la identificaci\u00f3n oficial con fotograf\u00eda; (d) descripci\u00f3n clara y precisa de los datos personales respecto de los cuales busca ejercer algunos de los Derechos ARCO; (e) cualquier elemento o documento que facilite la localizaci\u00f3n de sus Datos Personales; y (f) firma de la Solicitud.<\/span><br ><span  style=\"color: rgb(21, 21, 21); font-weight: 500; font-family: Raleway, arial, helvetica, sans-serif;\">\nEn caso de solicitar el ejercicio del derecho de: (a) Rectificaci\u00f3n, deber\u00e1 indicar las modificaciones a realizar y proporcionar la documentaci\u00f3n que acredite y sustente la petici\u00f3n; y (b) Acceso; ARKYDESK proporcionar\u00e1 los Datos Personales v\u00eda correo electr\u00f3nico y\/o mediante cita en punto de venta y\/u oficinas administrativas, a elecci\u00f3n de ARKYDESK.<\/span><br ><span  style=\"color: rgb(21, 21, 21); font-weight: 500; font-family: Raleway, arial, helvetica, sans-serif;\">\nEn un plazo m\u00e1ximo de 20 d\u00edas h\u00e1biles contados a partir del acuse de recepci\u00f3n de la Solicitud, se deber\u00e1 atender la petici\u00f3n e inform\u00e1rsele sobre la procedencia o improcedencia de la misma mediante un aviso enviado al correo electr\u00f3nico proporcionado para recibir la notificaci\u00f3n. En caso de resultar procedente su Solicitud, ARKYDESK deber\u00e1 hacerla efectiva dentro de los 15 d\u00edas h\u00e1biles siguientes, contados a partir de la recepci\u00f3n v\u00eda correo electr\u00f3nico de la procedencia de su Solicitud.<\/span><br ><span  style=\"color: rgb(21, 21, 21); font-weight: 500; font-family: Raleway, arial, helvetica, sans-serif;\">\nToda la documentaci\u00f3n deber\u00e1 ser enviada en formato de archivo PDF, legible y completa, para que ARKYDESK pueda atender la Solicitud.<\/span><br ><span  style=\"color: rgb(21, 21, 21); font-weight: 500; font-family: Raleway, arial, helvetica, sans-serif;\">\nSi usted considera que su derecho de protecci\u00f3n de datos personales ha sido lesionado por ARKYDESK o presume que en el tratamiento de sus datos personales existe alguna violaci\u00f3n a las disposiciones previstas en la Ley, podr\u00e1 interponer su queja o denuncia correspondiente ante el Instituto Nacional de Transparencia, Acceso a la Informaci\u00f3n y Protecci\u00f3n de Datos Personales, INAI (www.inai.gob.mx), dentro de los 15 d\u00edas siguientes a la fecha en que reciba la respuesta de ARKYDESK o a partir de que concluya el plazo de 20 d\u00edas contados a partir de la fecha del acuse de recepci\u00f3n de la Solicitud de ejercicio de derechos.<\/span><br ><span  style=\"color: rgb(21, 21, 21); font-weight: 500; font-family: Raleway, arial, helvetica, sans-serif;\">\n1.\tCambios al aviso de privacidad<\/span><br ><span  style=\"color: rgb(21, 21, 21); font-weight: 500; font-family: Raleway, arial, helvetica, sans-serif;\">\nToda modificaci\u00f3n a este Aviso de Privacidad, se har\u00e1 de su conocimiento por lo menos 30 (treinta) d\u00edas antes a la fecha en que surtan efectos las modificaciones, por medio de la publicaci\u00f3n del aviso en la p\u00e1gina de internet www.arkydesk.com<\/span><\/p><\/div> <\/div> <div  class=\"row center-xs middle-xs\"> <div  class=\"col-sm-9\" data-type=\"column\"> <\/div> <\/div><\/div> <\/div>","protected":false},"excerpt":{"rendered":"<p>ARKYDESK, S.A. de C.V., con domicilio en Lago Alberto 442, Piso 3, Col. An\u00e1huac I Secc., Miguel Hidalgo, CP.11320 Ciudad de M\u00e9xico (en adelante \u201cARKYDESK\u201d), reconoce la importancia que tiene el tratamiento leg\u00edtimo, controlado e informado de sus datos personales, por lo que en cumplimiento a la Ley Federal de Protecci\u00f3n de Datos Personales en&hellip; <br \/> <a class=\"read-more\" href=\"https:\/\/www.arkydesk.com\/arkydesk\/aviso-de-privacidad\/\">Read more<\/a><\/p>\n","protected":false},"author":1,"featured_media":0,"parent":0,"menu_order":0,"comment_status":"closed","ping_status":"closed","template":"pro\/page-templates\/full-width-page.php","meta":{"_sitemap_exclude":false,"_sitemap_priority":"","_sitemap_frequency":"","_joinchat":[],"footnotes":""},"class_list":["post-546","page","type-page","status-publish","hentry"],"_links":{"self":[{"href":"https:\/\/www.arkydesk.com\/arkydesk\/wp-json\/wp\/v2\/pages\/546","targetHints":{"allow":["GET"]}}],"collection":[{"href":"https:\/\/www.arkydesk.com\/arkydesk\/wp-json\/wp\/v2\/pages"}],"about":[{"href":"https:\/\/www.arkydesk.com\/arkydesk\/wp-json\/wp\/v2\/types\/page"}],"author":[{"embeddable":true,"href":"https:\/\/www.arkydesk.com\/arkydesk\/wp-json\/wp\/v2\/users\/1"}],"replies":[{"embeddable":true,"href":"https:\/\/www.arkydesk.com\/arkydesk\/wp-json\/wp\/v2\/comments?post=546"}],"version-history":[{"count":10,"href":"https:\/\/www.arkydesk.com\/arkydesk\/wp-json\/wp\/v2\/pages\/546\/revisions"}],"predecessor-version":[{"id":851,"href":"https:\/\/www.arkydesk.com\/arkydesk\/wp-json\/wp\/v2\/pages\/546\/revisions\/851"}],"wp:attachment":[{"href":"https:\/\/www.arkydesk.com\/arkydesk\/wp-json\/wp\/v2\/media?parent=546"}],"curies":[{"name":"wp","href":"https:\/\/api.w.org\/{rel}","templated":true}]}}