{"id":742,"date":"2022-12-12T16:45:39","date_gmt":"2022-12-12T16:45:39","guid":{"rendered":"https:\/\/www.arkydesk.com\/arkydesk\/?page_id=742"},"modified":"2023-09-28T18:48:09","modified_gmt":"2023-09-28T18:48:09","slug":"inversiones","status":"publish","type":"page","link":"https:\/\/www.arkydesk.com\/arkydesk\/inversiones\/","title":{"rendered":"INVERSIONES"},"content":{"rendered":"<div  data-label=\"Team\" data-id=\"team--2\" data-export-id=\"team-5\" data-category=\"team\" class=\"team-5 content-section content-section-spacing\" id=\"team-2\" style=\"background-color: rgb(245, 250, 253); background-image: url(&quot;https:\/\/www.arkydesk.com\/arkydesk\/wp-content\/uploads\/2022\/12\/FONDO-QU-IENES-SOMOS-3-08-scaled.jpg&quot;); background-size: cover; background-position: center top;\"><div  class=\"gridContainer\"> <div  class=\"row text-center\"><div  class=\"section-title-col\" data-type=\"column\"> <h2  class=\"\" style=\"border-bottom-color: rgb(67, 137, 124);\"><span  style=\"font-weight: 700; color: rgb(255, 255, 255);\">Acerca de nuestro equipo<\/span><\/h2> <\/div> <\/div> <div  class=\"row spaced-cols content-center-sm\" data-type=\"row\"> <div  class=\"col-xs-12 col-sm-6 col-padding col-md-4 \"> <div  class=\"row \"> <div  data-type=\"column\" class=\"col-xs-12 col-sm-12\"> <img  decoding=\"async\" class=\"round face\" src=\"https:\/\/www.arkydesk.com\/arkydesk\/wp-content\/uploads\/2022\/12\/cropped-JUAN-LUIS.jpg\"> <h4  class=\"font-500\"><span  style=\"font-weight: 700; color: rgb(67, 137, 124);\">Juan Luis Moreno<\/span><\/h4>  <p  class=\"\"><span  style=\"color: rgb(255, 255, 255);\"><span  style=\"font-weight: 300;\">Es ingeniero civil y ha estado invirtiendo en bienes ra\u00edces durante los \u00faltimos 12 a\u00f1os. Durante 12 a\u00f1os se ha dedicado principalmente a la construcci\u00f3n nueva y flipping en la Ciudad de M\u00e9xico, McAllen Texas y Dallas-Fort Worth Texas. Ha completado m\u00e1s de 20 nuevas residencias unifamiliares y 30 cambios en la Ciudad de M\u00e9xico y McAllen Texas. Se mud\u00f3 a Texas en 2020 y desde entonces ha completado 5 casas unifamiliares nuevas y 6 remodela<\/span>ciones.<\/span><\/p> <div  class=\"social-icons-group\" data-type=\"group\"> <a href=\"#\" target=\"_self\" data-reiki-hidden=\"true\" rel=\"noopener\"><i  class=\"fa icon fa-facebook-square gray\"><\/i><\/a> <a href=\"#\" target=\"_self\" data-reiki-hidden=\"true\" rel=\"noopener\"><i  class=\"fa icon fa-twitter-square gray\"><\/i><\/a> <a href=\"#\" target=\"_self\" data-reiki-hidden=\"true\" rel=\"noopener\"><i  class=\"fa icon fa-linkedin-square gray\"><\/i><\/a> <a href=\"#\" target=\"_self\" data-reiki-hidden=\"true\" rel=\"noopener\"><i  class=\"fa icon fa-google-plus-square gray\"><\/i><\/a><\/div> <\/div><\/div> <\/div> <div  class=\"col-xs-12 col-sm-6 col-padding col-md-4 \"> <div  class=\"row \"> <div  data-type=\"column\" class=\"col-xs-12 col-sm-12\"> <img  decoding=\"async\" class=\"round face\" src=\"https:\/\/www.arkydesk.com\/arkydesk\/wp-content\/uploads\/2022\/12\/cropped-KARNIK.jpg\" title=\"cropped-KARNIK.jpg\" alt=\"\"> <h4  class=\"font-500\"><span  style=\"font-weight: 700; color: rgb(67, 137, 124);\">Karnik<\/span><\/h4>  <p  class=\"\"><span  style=\"color: rgb(255, 255, 255);\">Crecio en un ambiente donde su padre complet\u00f3 docenas de proyectos multifamiliares y comerciales en la India. En sus a\u00f1os de escuela secundaria, sol\u00eda pasar tiempo fuera de la escuela en los sitios de construcci\u00f3n aprendiendo los pormenores de los proyectos de construcci\u00f3n. En 2020, Karnik uni\u00f3 fuerzas con Juan para completar 5 nuevas viviendas unifamiliares y 3 flips. Karnik tambi\u00e9n dirige 2 restaurantes exitosos en Allen y Prosper Texas. Aparte de eso, tambi\u00e9n pas\u00f3 10 a\u00f1os trabajando como ingeniero de software en la industria bancaria.<\/span><\/p> <div  class=\"social-icons-group\" data-type=\"group\"> <a href=\"#\" target=\"_self\" data-reiki-hidden=\"true\" rel=\"noopener\"><i  class=\"fa icon fa-facebook-square gray\"><\/i><\/a> <a href=\"#\" target=\"_self\" data-reiki-hidden=\"true\" rel=\"noopener\"><i  class=\"fa icon fa-twitter-square gray\"><\/i><\/a> <a href=\"#\" target=\"_self\" data-reiki-hidden=\"true\" rel=\"noopener\"><i  class=\"fa icon fa-linkedin-square gray\"><\/i><\/a> <a href=\"#\" target=\"_self\" data-reiki-hidden=\"true\" rel=\"noopener\"><i  class=\"fa icon fa-google-plus-square gray\"><\/i><\/a><\/div> <\/div><\/div> <\/div> <div  class=\"col-xs-12 col-sm-6 col-padding col-md-4 \"> <div  class=\"row \"> <div  data-type=\"column\" class=\"col-xs-12 col-sm-12\"> <img  decoding=\"async\" class=\"round face\" src=\"https:\/\/www.arkydesk.com\/arkydesk\/wp-content\/uploads\/2022\/12\/cropped-JAVIER.jpg\" title=\"cropped-JAVIER.jpg\" alt=\"\"> <h4  class=\"font-500\"><span  style=\"font-weight: 700; color: rgb(67, 137, 124);\">Javier Centeno Tovar<\/span><\/h4>  <p  class=\"\"><span  style=\"color: rgb(255, 255, 255);\"><span  style=\"font-weight: 300;\">Ha estado en la ind<\/span>ustria de la construcci\u00f3n desde 2010 en la Ciudad de M\u00e9xico. Ha construido 5 proyectos multifamiliares con m\u00e1s de 100 unidades cada uno y 15 viviendas unifamiliares. Se mud\u00f3 a Texas en 2022 y desde entonces se asoci\u00f3 con Juan y Karnik para la construcci\u00f3n de viviendas unifamiliares en Corinth TX y cualquier proyecto futuro. Adem\u00e1s de su negocio de construcci\u00f3n, Javier tiene una exitosa empresa de TI en la Ciudad de M\u00e9xico.<\/span><\/p> <div  class=\"social-icons-group\" data-type=\"group\"> <a href=\"#\" target=\"_self\" data-reiki-hidden=\"true\" rel=\"noopener\"><i  class=\"fa icon fa-facebook-square gray\"><\/i><\/a> <a href=\"#\" target=\"_self\" data-reiki-hidden=\"true\" rel=\"noopener\"><i  class=\"fa icon fa-twitter-square gray\"><\/i><\/a> <a href=\"#\" target=\"_self\" data-reiki-hidden=\"true\" rel=\"noopener\"><i  class=\"fa icon fa-linkedin-square gray\"><\/i><\/a> <a href=\"#\" target=\"_self\" data-reiki-hidden=\"true\" rel=\"noopener\"><i  class=\"fa icon fa-google-plus-square gray\"><\/i><\/a><\/div> <\/div><\/div> <\/div>     <\/div> <\/div><\/div><div  data-label=\"About\" data-id=\"about--1\" data-export-id=\"about-images-right-section-mc\" data-category=\"about\" class=\"about-images-right-section content-section content-section-spacing content-relative white-text\" id=\"about-1\" style=\"background-color: rgb(255, 255, 255); background-image: url(&quot;https:\/\/www.arkydesk.com\/arkydesk\/wp-content\/uploads\/2022\/12\/PLANO1.png&quot;); background-size: cover; background-position: center top;\" data-section-ov=\"1\"><div  class=\"section-separator-top\">\n    <svg  xmlns=\"http:\/\/www.w3.org\/2000\/svg\" viewBox=\"0 0 1000 100\" preserveAspectRatio=\"none\" data-separator-name=\"tilt\" class=\"section-separator-top\">\n\t<path  class=\"svg-white-bg\" d=\"M-0 0L1000 0 1000 100z\"><\/path>\n<\/svg>\n<\/div><div  class=\"gridContainer\"> <div  class=\"row middle-sm text-center\"><div  class=\"col-sm-5 content-left-sm\" data-type=\"column\">   <p  class=\"lead\"><span  style=\"font-weight: 700;\">Visi\u00f3n del Proyecto<\/span><\/p><p  class=\"\" style=\"text-align: left;\"><span  style=\"font-weight: 400; color: rgb(255, 255, 255);\">La visi\u00f3n del proyecto es crear una comodidad y conveniencia incomparables para las familias de Denton mediante el desarrollo de una comunidad de 32 unidades en Grey Wolf Circle.<\/span><\/p> <\/div> <div  class=\"col-sm-7 space-bottom-xs\"><div  class=\"image-group-side-3-img\"> <a data-cp-link=\"1\" href=\"#\" class=\"top-img-anchor\" target=\"_self\" rel=\"noopener\"><img  decoding=\"async\" class=\"topimg shadow-large\" src=\"\"><\/a> <a data-cp-link=\"1\" href=\"#\" class=\"right-img-anchor\" target=\"_self\" rel=\"noopener\"><img  decoding=\"async\" class=\"rightimg shadow-large\" src=\"\"><\/a> <div  class=\"leftimg\"> <img  decoding=\"async\" class=\"shadow-large\" src=\"\"><\/div> <\/div><\/div> <\/div><\/div> <\/div><div  data-label=\"Content\" data-id=\"content--1\" data-export-id=\"content-15\" data-category=\"content\" class=\"content-15 content-section content-section-spacing content-relative\" id=\"content-1\" style=\"background-color: rgb(67, 137, 124); background-size: cover; background-position: center top; background-image: url(&quot;https:\/\/www.arkydesk.com\/arkydesk\/wp-content\/uploads\/2022\/12\/PLANTA.png&quot;);\" data-section-ov=\"1\"><div  class=\"section-separator-top\">\n    <svg  xmlns=\"http:\/\/www.w3.org\/2000\/svg\" preserveAspectRatio=\"none\" viewBox=\"0 0 1000 100\" data-separator-name=\"tilt-flipped\" class=\"section-separator-top\">\n  <path  id=\"path2\" d=\"M 1000,0 H 0 v 100 z\" class=\"svg-white-bg\"><\/path>\n<\/svg>\n<\/div><div  class=\"gridContainer\"> <div  class=\"row middle-sm\"><div  class=\"col-sm-6 flexbox around-xs top-xs space-bottom-xs space-top-xs\"> <div  class=\"overlay-box flexbox middle-xs center-xs overlay-holder\"><div  class=\"overlay-box-offset shadow-medium border-color2 hide-xs offset-background\"><\/div> <a data-cp-link=\"1\" href=\"https:\/\/www.arkydesk.com\/arkydesk\/inversiones\" target=\"_self\" rel=\"noopener\"><img  decoding=\"async\" class=\"flexbox shadow-large img1\" data-size=\"500x500\" src=\"\"><\/a><\/div> <\/div> <div  class=\"col-sm-6\" data-type=\"column\">  <p  class=\"\"><span  style=\"color: rgb(255, 255, 255);\">Con los planos de planta espaciosos, podremos acomodar una variedad de hogares y nuestro complejo ser\u00e1 una opci\u00f3n clara en Denton Living.<\/span><\/p> <\/div> <\/div><\/div> <\/div><div  data-label=\"Portfolio\" data-id=\"portfolio--1\" data-export-id=\"portfolio-5\" data-category=\"portfolio\" class=\"portfolio-5 content-section content-section-spacing content-relative\" id=\"portfolio-1\" style=\"background-color: rgb(255, 255, 255); background-image: url(&quot;https:\/\/www.arkydesk.com\/arkydesk\/wp-content\/uploads\/2022\/07\/FONDO-CLARO-08-scaled.jpg&quot;); background-size: cover; background-position: center top;\"><div  class=\"section-separator-top\">\n    <svg  xmlns=\"http:\/\/www.w3.org\/2000\/svg\" viewBox=\"0 0 1000 100\" preserveAspectRatio=\"none\" data-separator-name=\"tilt\" class=\"section-separator-top\">\n\t<path  class=\"svg-white-bg\" d=\"M-0 0L1000 0 1000 100z\"><\/path>\n<\/svg>\n<\/div><div  class=\"gridContainer\"> <div  class=\"row text-center\"><div  class=\"section-title-col\" data-type=\"column\">  <p  class=\"lead\">Las 32 unidades ser\u00e1n de 1200 ft\u00b2, 3 habitaciones\/2,5 ba\u00f1os con garaje adjunto \n<br >para 1 auto con estacionamiento adicional disponible en la parte trasera del edificio.\n<br ><br > <span  style=\"font-weight: 700;\">Esto no tiene comparaci\u00f3n con lo que otras viviendas\n<br >multifamiliares en la vecindad tienen para ofrecer.<\/span><\/p><\/div> <\/div> <div  class=\"row space-bottom spaced-cols\" data-type=\"row\"> <div  class=\"col-xs-12 col-sm-4 text-center col-md-6 \"> <div  class=\"card no-padding bordered\"> <div  data-hover-fx=\"portfolio-6\" class=\"contentswap-effect\"> <div  class=\"initial-image\"> <img  decoding=\"async\" data-size=\"500x333\" src=\"https:\/\/www.arkydesk.com\/arkydesk\/wp-content\/uploads\/2022\/12\/cropped-cropped-PLANO.png\"><\/div> <div  class=\"overlay bg-color6\"><\/div> <div  class=\"swap-inner col-xs-12\"> <div  class=\"row full-height-row middle-xs middle-sm\"> <div  class=\"col-xs-12 text-center content-holder\"> <a class=\"button small no-shadow color-white round outline\" href=\"https:\/\/www.arkydesk.com\/arkydesk\/wp-content\/uploads\/2022\/12\/cropped-cropped-PLANO.png\" target=\"lightbox\" data-cp-link=\"1\" data-icon=\"\" rel=\"noopener\"><\/a><\/div> <\/div><\/div> <\/div> <div  class=\"col-xs-12\"> <div  class=\"space-bottom space-top\" data-type=\"column\"> <h5  class=\"\"><span  style=\"font-weight: 700; color: rgb(33, 90, 97);\">Vecindario<\/span><\/h5> <p  class=\"small italic\"><\/p><p  class=\"lead\" style=\"text-align: left;\">Grey Wolf Circle tiene acceso conveniente a emocionantes actividades en Denton.<br >\n0.4 mi de la escuela secundaria Strickland<br >\n0.5 mi de la escuela primaria Ginnings<br >\n1.8 mi de las principales tiendas<br >\n1.9 millas de la Universidad de Mujeres de Texas<br >\n3.7 millas de la Universidad del Norte de Texas<\/p><\/div> <\/div><\/div> <\/div>  <div  class=\"col-xs-12 col-sm-4 text-center col-md-6\"> <div  class=\"card no-padding bordered\"> <div  data-hover-fx=\"portfolio-6\" class=\"contentswap-effect\"> <div  class=\"initial-image\"> <img  decoding=\"async\" data-size=\"500x333\" src=\"https:\/\/www.arkydesk.com\/arkydesk\/wp-content\/uploads\/2022\/12\/cropped-CRECIMIENTO.png\"><\/div> <div  class=\"overlay bg-color6\"><\/div> <div  class=\"swap-inner col-xs-12\"> <div  class=\"row full-height-row middle-xs middle-sm\"> <div  class=\"col-xs-12 text-center content-holder\"> <a class=\"button small no-shadow color-white round outline\" href=\"https:\/\/www.arkydesk.com\/arkydesk\/wp-content\/uploads\/2022\/12\/cropped-CRECIMIENTO.png\" target=\"lightbox\" data-cp-link=\"1\" data-icon=\"\" rel=\"noopener\"><\/a><\/div> <\/div><\/div> <\/div> <div  class=\"col-xs-12\"> <div  class=\"space-bottom space-top\" data-type=\"column\"> <h5  class=\"\"><span  style=\"font-weight: 700; color: rgb(33, 90, 97);\">Crecimiento de la poblaci\u00f3n<\/span><\/h5> <p  class=\"small italic\"><\/p><\/div> <\/div><\/div> <\/div><\/div> <div  class=\"row\"><div  data-type=\"column\" class=\"col-xs-12 text-center\"> <\/div> <\/div><\/div> <\/div><div  data-label=\"Features\" data-id=\"features--1\" data-export-id=\"features-6\" data-category=\"features\" class=\"features-6 content-section-spacing content-relative white-text\" id=\"features-1\" style=\"background-color: rgb(21, 21, 21); background-image: none;\"><div  class=\"section-separator-top\">\n    <svg  xmlns=\"http:\/\/www.w3.org\/2000\/svg\" preserveAspectRatio=\"none\" viewBox=\"0 0 1000 100\" data-separator-name=\"tilt-flipped\" class=\"section-separator-top\">\n  <path  id=\"path2\" d=\"M 1000,0 H 0 v 100 z\" class=\"svg-white-bg\"><\/path>\n<\/svg>\n<\/div><div  class=\"gridContainer\"> <div  class=\"row text-center\"><div  class=\"section-title-col\" data-type=\"column\"> <h2  class=\"\" style=\"border-bottom-color: rgb(67, 137, 124);\">Proyecciones y consideraciones<\/h2> <\/div> <\/div> <div  data-type=\"row\" class=\"row space-bottom\"> <div  class=\"col-xs-12 col-sm-4 col-padding-small-xs\"> <div  class=\"row\"> <div  class=\"col-xs-fit\"> <p  class=\"oval color2\"><span  style=\"font-weight: 700; color: rgb(255, 255, 255);\">1<\/span><span  id=\"_mce_caret\" data-mce-bogus=\"1\" data-mce-type=\"format-caret\"><span  style=\"color: rgb(255, 255, 255);\">\ufeff<\/span><\/span><\/p><\/div> <div  class=\"col-xs left-text\" data-type=\"column\"><h4  class=\"color2\"><span  style=\"color: rgb(67, 137, 124); font-weight: 700;\">PROYECCION DE GANANCIAS DEL PROYECTO.<\/span><\/h4> <p  class=\"\">Precio de compra del terreno\n<br ><span  style=\"font-weight: 700;\">$1,675,000\n<\/span><br >\nCosto de Construcci\u00f3n\n<br ><span  style=\"font-weight: 700;\">$5,020,560<\/span><br >\nCosto de financiamiento<br ><span  style=\"font-weight: 700;\">$ 804,912\n<\/span><br >\nPrecio de venta&nbsp;\n<br ><span  style=\"font-weight: 700;\">$9,216,000\n<\/span><br >\nBeneficio\n<br ><span  style=\"font-weight: 700;\">$ 1,715,528\n<\/span><br >\nInversi\u00f3n de socios <span  style=\"font-weight: 700;\">$2,500,000<\/span><\/p><\/div> <\/div><\/div> <div  class=\"col-xs-12 col-sm-4 col-padding-small-xs\"><div  class=\"row\"> <div  class=\"col-xs-fit\"><p  class=\"oval color2\"><span  style=\"font-weight: 700; color: rgb(255, 255, 255);\">2<\/span><\/p><\/div> <div  class=\"col-xs left-text\" data-type=\"column\"><h4  class=\"color2\"><span  style=\"font-weight: 700; color: rgb(67, 137, 124);\">PROYECCI\u00d3N DE INGRESOS POR ALQUILER.<\/span><\/h4> <p  class=\"\">Renta Total<br ><span  style=\"font-weight: 700;\">$691,200\n<\/span><br >\nSeguro<br ><span  style=\"font-weight: 700;\">$25,200\n<\/span><br >\nGasto de capital\n<br ><span  style=\"font-weight: 700;\">$ 6,912\n<\/span><br >\nVacante\n<br ><span  style=\"font-weight: 700;\">$34,560\n<\/span><br >\nImpuesto predial\n<br ><span  style=\"font-weight: 700;\">$33,600\n<\/span><br >\nEBITDA\n<br ><span  style=\"font-weight: 700;\">$590,928<\/span><\/p><\/div> <\/div><\/div> <div  class=\"col-xs-12 col-sm-4 col-padding-small-xs\"><div  class=\"row\"> <div  class=\"col-xs-fit\"><p  class=\"oval color2\"><span  style=\"font-weight: 700; color: rgb(255, 255, 255);\">3<\/span><\/p><\/div> <div  class=\"col-xs left-text\" data-type=\"column\"><h4  class=\"color2\"><span  style=\"font-weight: 700; color: rgb(67, 137, 124);\">CONSIDERACIONES DE LOS INVERSORES.<\/span><\/h4> <p  class=\"\">Segundo gravamen contra la propiedad.\n<br ><br >\nSe pagar\u00e1 al inversionista antes de que el constructor tome cualquier distribuci\u00f3n.\n<br ><br >\nLa inversi\u00f3n se mantendr\u00e1 dentro del dep\u00f3sito en garant\u00eda antes del cierre.\n<br ><br >Derecho de tanteo.<\/p><\/div> <\/div><\/div> <\/div> <div  class=\"row\"> <div  data-type=\"column\" class=\"col-xs-12 text-center\"> <\/div> <\/div><\/div> <\/div>","protected":false},"excerpt":{"rendered":"<p>Acerca de nuestro equipo Juan Luis Moreno Es ingeniero civil y ha estado invirtiendo en bienes ra\u00edces durante los \u00faltimos 12 a\u00f1os. Durante 12 a\u00f1os se ha dedicado principalmente a la construcci\u00f3n nueva y flipping en la Ciudad de M\u00e9xico, McAllen Texas y Dallas-Fort Worth Texas. Ha completado m\u00e1s de 20 nuevas residencias unifamiliares y&hellip; <br \/> <a class=\"read-more\" href=\"https:\/\/www.arkydesk.com\/arkydesk\/inversiones\/\">Read more<\/a><\/p>\n","protected":false},"author":1,"featured_media":0,"parent":0,"menu_order":0,"comment_status":"closed","ping_status":"closed","template":"pro\/page-templates\/full-width-page.php","meta":{"_sitemap_exclude":false,"_sitemap_priority":"","_sitemap_frequency":"","_joinchat":[],"footnotes":""},"class_list":["post-742","page","type-page","status-publish","hentry"],"_links":{"self":[{"href":"https:\/\/www.arkydesk.com\/arkydesk\/wp-json\/wp\/v2\/pages\/742","targetHints":{"allow":["GET"]}}],"collection":[{"href":"https:\/\/www.arkydesk.com\/arkydesk\/wp-json\/wp\/v2\/pages"}],"about":[{"href":"https:\/\/www.arkydesk.com\/arkydesk\/wp-json\/wp\/v2\/types\/page"}],"author":[{"embeddable":true,"href":"https:\/\/www.arkydesk.com\/arkydesk\/wp-json\/wp\/v2\/users\/1"}],"replies":[{"embeddable":true,"href":"https:\/\/www.arkydesk.com\/arkydesk\/wp-json\/wp\/v2\/comments?post=742"}],"version-history":[{"count":14,"href":"https:\/\/www.arkydesk.com\/arkydesk\/wp-json\/wp\/v2\/pages\/742\/revisions"}],"predecessor-version":[{"id":852,"href":"https:\/\/www.arkydesk.com\/arkydesk\/wp-json\/wp\/v2\/pages\/742\/revisions\/852"}],"wp:attachment":[{"href":"https:\/\/www.arkydesk.com\/arkydesk\/wp-json\/wp\/v2\/media?parent=742"}],"curies":[{"name":"wp","href":"https:\/\/api.w.org\/{rel}","templated":true}]}}