{"id":833,"date":"2023-09-28T16:10:22","date_gmt":"2023-09-28T16:10:22","guid":{"rendered":"https:\/\/www.arkydesk.com\/arkydesk\/?page_id=833"},"modified":"2025-09-02T18:06:48","modified_gmt":"2025-09-02T18:06:48","slug":"venta","status":"publish","type":"page","link":"https:\/\/www.arkydesk.com\/arkydesk\/venta\/","title":{"rendered":"VENDIDO"},"content":{"rendered":"<div  data-label=\"Portfolio\" data-id=\"portfolio--1\" data-export-id=\"portfolio-5\" data-category=\"portfolio\" class=\"portfolio-5 content-section content-section-spacing\" id=\"portfolio-1\" style=\"background-color: rgb(21, 21, 21); background-image: none;\"><div  class=\"gridContainer\"> <div  class=\"row text-center\"><div  class=\"section-title-col\" data-type=\"column\">  <\/div> <\/div> <div  class=\"row space-bottom spaced-cols\" data-type=\"row\"> <div  class=\"col-xs-12 col-sm-4 text-center col-md-3 \"> <div  class=\"card no-padding bordered\"> <div  data-hover-fx=\"portfolio-6\" class=\"contentswap-effect\"> <div  class=\"initial-image\"> <img  decoding=\"async\" data-size=\"500x333\" src=\"https:\/\/www.arkydesk.com\/arkydesk\/wp-content\/uploads\/2023\/10\/FOTO_EXT-1-2.jpg\"><\/div> <div  class=\"overlay bg-color6\"><\/div> <div  class=\"swap-inner col-xs-12\"> <div  class=\"row full-height-row middle-xs middle-sm\"> <div  class=\"col-xs-12 text-center content-holder\"> <a  class=\"button small color5\" href=\"https:\/\/www.arkydesk.com\/arkydesk\/altus-14-c-2\" target=\"lightbox\" data-cp-link=\"1\" data-icon=\"\" rel=\"noopener\">VER M\u00c1S<\/a><\/div> <\/div><\/div> <\/div> <div  class=\"col-xs-12\"> <div  class=\"space-bottom space-top\" data-type=\"column\"> <h5  class=\"\">ALTUS 14 C<\/h5> <p  class=\"small italic\">275 m\ufeff<sup >2<\/sup>\n\n<br ><br ><span style=\"font-weight: 700;\" ><font color=\"#43897c\" ><b >VENDIDA<\/b><\/font><\/span><\/p><\/div> <\/div><\/div> <\/div> <div  class=\"col-xs-12 col-sm-4 text-center col-md-3 \"> <div  class=\"card no-padding bordered\"> <div  data-hover-fx=\"portfolio-6\" class=\"contentswap-effect\"> <div  class=\"initial-image\"> <img  decoding=\"async\" data-size=\"500x333\" src=\"https:\/\/www.arkydesk.com\/arkydesk\/wp-content\/uploads\/2023\/10\/cropped-ALTUS-14B-3-scaled-1.jpg\"><\/div> <div  class=\"overlay bg-color6\"><\/div> <div  class=\"swap-inner col-xs-12\"> <div  class=\"row full-height-row middle-xs middle-sm\"> <div  class=\"col-xs-12 text-center content-holder\"> <a  class=\"button small color5\" href=\"https:\/\/www.arkydesk.com\/arkydesk\/altus-14-b-vendida\" target=\"lightbox\" data-cp-link=\"1\" data-icon=\"\" rel=\"noopener\">VER M\u00c1S<\/a><\/div> <\/div><\/div> <\/div> <div  class=\"col-xs-12\"> <div  class=\"space-bottom space-top\" data-type=\"column\"> <h5  class=\"\">ALTUS 14 B<\/h5> <p  class=\"small italic\">298 m<sup >2\n<\/sup><br ><span  style=\"font-weight: 700; color: rgb(67, 137, 124);\">VENDIDA<\/span><\/p><a  class=\"button color6 outline\" href=\"https:\/\/www.youtube.com\/watch?v=NgK77GYGCU8\" target=\"_self\" data-cp-link=\"1\" data-icon=\"\" rel=\"noopener\">VER VIDEO<\/a><\/div> <\/div><\/div> <\/div> <div  class=\"col-xs-12 col-sm-4 text-center col-md-3 \"> <div  class=\"card no-padding bordered\"> <div  data-hover-fx=\"portfolio-6\" class=\"contentswap-effect\"> <div  class=\"initial-image\"> <img  decoding=\"async\" data-size=\"500x333\" src=\"https:\/\/www.arkydesk.com\/arkydesk\/wp-content\/uploads\/2023\/10\/cropped-ALTUS-14-A-10-scaled-3.jpg\"><\/div> <div  class=\"overlay bg-color6\"><\/div> <div  class=\"swap-inner col-xs-12\"> <div  class=\"row full-height-row middle-xs middle-sm\"> <div  class=\"col-xs-12 text-center content-holder\"> <a  class=\"button small color5\" href=\"https:\/\/www.arkydesk.com\/arkydesk\/altus-14a-vendida\" target=\"lightbox\" data-cp-link=\"1\" data-icon=\"\" rel=\"noopener\">VER M\u00c1S<\/a><\/div> <\/div><\/div> <\/div> <div  class=\"col-xs-12\"> <div  class=\"space-bottom space-top\" data-type=\"column\"> <h5  class=\"\">ALTUS 14 A<\/h5> <p  class=\"small italic\">274 m<sup >2&nbsp;\n<\/sup><br >\n<span  style=\"color: rgb(67, 137, 124); font-weight: 700;\">VENDIDA<\/span><\/p><a  class=\"button color6 square outline\" href=\"https:\/\/www.youtube.com\/watch?v=I-Zds4-NghA\" target=\"_self\" data-cp-link=\"1\" data-icon=\"\" rel=\"noopener\">VER VIDEO<\/a><\/div> <\/div><\/div> <\/div><div  class=\"col-xs-12 col-sm-4 text-center col-md-3 \"> <div  class=\"card no-padding bordered\"> <div  data-hover-fx=\"portfolio-6\" class=\"contentswap-effect\"> <div  class=\"initial-image\"> <img  decoding=\"async\" data-size=\"500x333\" src=\"https:\/\/www.arkydesk.com\/arkydesk\/wp-content\/uploads\/2023\/10\/cropped-ejemplo-15-1.jpg\"><\/div> <div  class=\"overlay bg-color6\"><\/div> <div  class=\"swap-inner col-xs-12\"> <div  class=\"row full-height-row middle-xs middle-sm\"> <div  class=\"col-xs-12 text-center content-holder\"> <a  class=\"button small force-shadow color5 white-text\" href=\"https:\/\/www.arkydesk.com\/arkydesk\/aqua-3-preventa\" target=\"lightbox\" data-cp-link=\"1\" data-icon=\"\" rel=\"noopener\">VER M\u00c1S<\/a><\/div> <\/div><\/div> <\/div> <div  class=\"col-xs-12\"> <div  class=\"space-bottom space-top\" data-type=\"column\"> <h5  class=\"\">AQUA III<\/h5> <p  class=\"small italic\"><span  style=\"font-weight: 700; color: rgb(67, 137, 124);\"><span style=\"font-weight: 400; color: rgb(60, 66, 79);\" >250m<sup >2<\/sup> \/ 285m<sup >2\n<\/sup><\/span><br ><\/span><span  style=\"font-weight: 700; color: rgb(67, 137, 124);\">PREVENTA\n<br ><\/span><\/p><\/div> <\/div><\/div> <\/div><\/div> <div  class=\"row\"><div  data-type=\"column\" class=\"col-xs-12 text-center\"> <a  class=\"button y-move color5 outline\" href=\"https:\/\/api.whatsapp.com\/send?phone=5215550079833&amp;text=undefined&amp;type=phone_number&amp;app_absent=0\" target=\"_self\" data-cp-link=\"1\" data-icon=\"\" rel=\"noopener\">CONTACTAR VENDEDOR<\/a><\/div> <\/div><\/div> <\/div>","protected":false},"excerpt":{"rendered":"<p>VER M\u00c1S ALTUS 14 C 275 m\ufeff2 VENDIDA VER M\u00c1S ALTUS 14 B 298 m2 VENDIDAVER VIDEO VER M\u00c1S ALTUS 14 A 274 m2&nbsp; VENDIDAVER VIDEO VER M\u00c1S AQUA III 250m2 \/ 285m2 PREVENTA CONTACTAR VENDEDOR<\/p>\n","protected":false},"author":1,"featured_media":0,"parent":0,"menu_order":0,"comment_status":"closed","ping_status":"closed","template":"pro\/page-templates\/full-width-page.php","meta":{"_sitemap_exclude":false,"_sitemap_priority":"","_sitemap_frequency":"","_joinchat":[],"footnotes":""},"class_list":["post-833","page","type-page","status-publish","hentry"],"_links":{"self":[{"href":"https:\/\/www.arkydesk.com\/arkydesk\/wp-json\/wp\/v2\/pages\/833","targetHints":{"allow":["GET"]}}],"collection":[{"href":"https:\/\/www.arkydesk.com\/arkydesk\/wp-json\/wp\/v2\/pages"}],"about":[{"href":"https:\/\/www.arkydesk.com\/arkydesk\/wp-json\/wp\/v2\/types\/page"}],"author":[{"embeddable":true,"href":"https:\/\/www.arkydesk.com\/arkydesk\/wp-json\/wp\/v2\/users\/1"}],"replies":[{"embeddable":true,"href":"https:\/\/www.arkydesk.com\/arkydesk\/wp-json\/wp\/v2\/comments?post=833"}],"version-history":[{"count":18,"href":"https:\/\/www.arkydesk.com\/arkydesk\/wp-json\/wp\/v2\/pages\/833\/revisions"}],"predecessor-version":[{"id":1104,"href":"https:\/\/www.arkydesk.com\/arkydesk\/wp-json\/wp\/v2\/pages\/833\/revisions\/1104"}],"wp:attachment":[{"href":"https:\/\/www.arkydesk.com\/arkydesk\/wp-json\/wp\/v2\/media?parent=833"}],"curies":[{"name":"wp","href":"https:\/\/api.w.org\/{rel}","templated":true}]}}